{"id":1173,"date":"2025-07-07T17:22:10","date_gmt":"2025-07-07T17:22:10","guid":{"rendered":"https:\/\/puroparques.com.br\/?page_id=1173"},"modified":"2025-07-17T10:30:46","modified_gmt":"2025-07-17T13:30:46","slug":"balanco-baby","status":"publish","type":"page","link":"https:\/\/puroparques.com.br\/?page_id=1173","title":{"rendered":"Balan\u00e7o &#8211; Baby"},"content":{"rendered":"<style>.kadence-column1173_8bc932-50 > .kt-inside-inner-col,.kadence-column1173_8bc932-50 > .kt-inside-inner-col:before{border-top-left-radius:0px;border-top-right-radius:0px;border-bottom-right-radius:0px;border-bottom-left-radius:0px;}.kadence-column1173_8bc932-50 > .kt-inside-inner-col{column-gap:var(--global-kb-gap-sm, 1rem);}.kadence-column1173_8bc932-50 > .kt-inside-inner-col{flex-direction:column;}.kadence-column1173_8bc932-50 > .kt-inside-inner-col > .aligncenter{width:100%;}.kadence-column1173_8bc932-50 > .kt-inside-inner-col:before{opacity:0.3;}.kadence-column1173_8bc932-50{position:relative;}@media all and (max-width: 1024px){.kadence-column1173_8bc932-50 > .kt-inside-inner-col{flex-direction:column;justify-content:center;}}@media all and (max-width: 767px){.kadence-column1173_8bc932-50 > .kt-inside-inner-col{flex-direction:column;justify-content:center;}}<\/style>\n<div class=\"wp-block-kadence-column kadence-column1173_8bc932-50\"><div class=\"kt-inside-inner-col\"><\/div><\/div>\n\n\n<style>.kadence-column1173_fceb13-4e > .kt-inside-inner-col,.kadence-column1173_fceb13-4e > .kt-inside-inner-col:before{border-top-left-radius:0px;border-top-right-radius:0px;border-bottom-right-radius:0px;border-bottom-left-radius:0px;}.kadence-column1173_fceb13-4e > .kt-inside-inner-col{column-gap:var(--global-kb-gap-sm, 1rem);}.kadence-column1173_fceb13-4e > .kt-inside-inner-col{flex-direction:column;}.kadence-column1173_fceb13-4e > .kt-inside-inner-col > .aligncenter{width:100%;}.kadence-column1173_fceb13-4e > .kt-inside-inner-col:before{opacity:0.3;}.kadence-column1173_fceb13-4e{position:relative;}@media all and (max-width: 1024px){.kadence-column1173_fceb13-4e > .kt-inside-inner-col{flex-direction:column;justify-content:center;}}@media all and (max-width: 767px){.kadence-column1173_fceb13-4e > .kt-inside-inner-col{flex-direction:column;justify-content:center;}}<\/style>\n<div class=\"wp-block-kadence-column kadence-column1173_fceb13-4e\"><div class=\"kt-inside-inner-col\">\n<div class=\"wp-block-group\"><div class=\"wp-block-group__inner-container is-layout-constrained wp-block-group-is-layout-constrained\"><style>.wp-block-kadence-advancedheading.kt-adv-heading1173_11d3db-f6, .wp-block-kadence-advancedheading.kt-adv-heading1173_11d3db-f6[data-kb-block=\"kb-adv-heading1173_11d3db-f6\"]{padding-top:var(--global-kb-spacing-md, 2rem);padding-bottom:var(--global-kb-spacing-lg, 3rem);text-align:center;font-size:var(--global-kb-font-size-md, 1.25rem);font-weight:500;font-style:normal;font-family:Fredoka;text-transform:uppercase;text-shadow:2px 2px 1px rgba(0, 0, 0, 0.2);}.wp-block-kadence-advancedheading.kt-adv-heading1173_11d3db-f6 mark.kt-highlight, .wp-block-kadence-advancedheading.kt-adv-heading1173_11d3db-f6[data-kb-block=\"kb-adv-heading1173_11d3db-f6\"] mark.kt-highlight{font-style:normal;color:#f76a0c;-webkit-box-decoration-break:clone;box-decoration-break:clone;padding-top:0px;padding-right:0px;padding-bottom:0px;padding-left:0px;}@media all and (max-width: 1024px){.wp-block-kadence-advancedheading.kt-adv-heading1173_11d3db-f6, .wp-block-kadence-advancedheading.kt-adv-heading1173_11d3db-f6[data-kb-block=\"kb-adv-heading1173_11d3db-f6\"]{text-shadow:2px 2px 1px rgba(0, 0, 0, 0.2);}}@media all and (max-width: 767px){.wp-block-kadence-advancedheading.kt-adv-heading1173_11d3db-f6, .wp-block-kadence-advancedheading.kt-adv-heading1173_11d3db-f6[data-kb-block=\"kb-adv-heading1173_11d3db-f6\"]{text-shadow:2px 2px 1px rgba(0, 0, 0, 0.2);}}<\/style>\n<h2 class=\"kt-adv-heading1173_11d3db-f6 wp-block-kadence-advancedheading has-theme-palette-1-color has-text-color\" data-kb-block=\"kb-adv-heading1173_11d3db-f6\">puro parque playgrounds<\/h2>\n<\/div><\/div>\n<\/div><\/div>\n\n\n<style>.kadence-column1173_b1fbdf-46 > .kt-inside-inner-col,.kadence-column1173_b1fbdf-46 > .kt-inside-inner-col:before{border-top-left-radius:0px;border-top-right-radius:0px;border-bottom-right-radius:0px;border-bottom-left-radius:0px;}.kadence-column1173_b1fbdf-46 > .kt-inside-inner-col{column-gap:var(--global-kb-gap-sm, 1rem);}.kadence-column1173_b1fbdf-46 > .kt-inside-inner-col{flex-direction:column;}.kadence-column1173_b1fbdf-46 > .kt-inside-inner-col > .aligncenter{width:100%;}.kadence-column1173_b1fbdf-46 > .kt-inside-inner-col:before{opacity:0.3;}.kadence-column1173_b1fbdf-46{position:relative;}@media all and (max-width: 1024px){.kadence-column1173_b1fbdf-46 > .kt-inside-inner-col{flex-direction:column;justify-content:center;}}@media all and (max-width: 767px){.kadence-column1173_b1fbdf-46 > .kt-inside-inner-col{flex-direction:column;justify-content:center;}}<\/style>\n<div class=\"wp-block-kadence-column kadence-column1173_b1fbdf-46\"><div class=\"kt-inside-inner-col\">\n<div class=\"wp-block-columns is-layout-flex wp-container-core-columns-is-layout-9d6595d7 wp-block-columns-is-layout-flex\">\n<div class=\"wp-block-column is-layout-flow wp-block-column-is-layout-flow\"><style>.wp-block-kadence-advancedgallery.kb-gallery-wrap-id-1173_8a0b75-d9{margin-left:var(--global-kb-spacing-xl, 4rem);padding-left:0px;}.kb-gallery-id-1173_8a0b75-d9 .kadence-blocks-gallery-item .kb-gal-image-radius, .kb-gallery-id-1173_8a0b75-d9 .kb-slide-item .kb-gal-image-radius img{border-radius:0px 0px 0px 0px;;}.kb-gallery-wrap-id-1173_8a0b75-d9.wp-block-kadence-advancedgallery{overflow:visible;}.kb-gallery-wrap-id-1173_8a0b75-d9.wp-block-kadence-advancedgallery .kt-blocks-carousel{overflow:visible;}<\/style><div class=\"kb-gallery-wrap-id-1173_8a0b75-d9 alignnone wp-block-kadence-advancedgallery\"><div class=\"kb-gallery-ul kb-gallery-non-static kb-gallery-type-slider kb-gallery-id-1173_8a0b75-d9 kb-gallery-caption-style-bottom-hover kb-gallery-filter-none\" data-image-filter=\"none\" data-lightbox-caption=\"true\"><div class=\"kt-blocks-carousel kt-carousel-container-dotstyle-dark\"><div class=\"kt-blocks-carousel-init kb-blocks-slider kt-carousel-arrowstyle-whiteondark kt-carousel-dotstyle-dark kb-slider-group-arrow kb-slider-arrow-position-center\" data-slider-anim-speed=\"400\" data-slider-scroll=\"1\" data-slider-arrows=\"true\" data-slider-fade=\"true\" data-slider-dots=\"true\"data-slider-type=\"slider\"  data-slider-hover-pause=\"false\" data-slider-auto=\"\" data-slider-speed=\"7000\" data-show-pause-button=\"false\"><li class=\"kb-slide-item kb-gallery-slide-item\"><div class=\"kadence-blocks-gallery-item\"><div class=\"kadence-blocks-gallery-item-inner\"><figure class=\"kb-gallery-figure kadence-blocks-gallery-item-hide-caption\"><div class=\"kb-gal-image-radius\"><div class=\"kb-gallery-image-contain kadence-blocks-gallery-intrinsic kb-gallery-image-ratio-inherit kb-has-image-ratio-inherit\" ><img loading=\"lazy\" decoding=\"async\" src=\"https:\/\/puroparques.com.br\/wp-content\/uploads\/2025\/07\/10-1.jpg\" width=\"1020\" height=\"1020\" alt=\"\" data-full-image=\"https:\/\/puroparques.com.br\/wp-content\/uploads\/2025\/07\/10-1.jpg\" data-light-image=\"https:\/\/puroparques.com.br\/wp-content\/uploads\/2025\/07\/10-1.jpg\" data-id=\"956\" class=\"wp-image-956 skip-lazy\" srcset=\"https:\/\/puroparques.com.br\/wp-content\/uploads\/2025\/07\/10-1.jpg 1020w, https:\/\/puroparques.com.br\/wp-content\/uploads\/2025\/07\/10-1-300x300.jpg 300w, https:\/\/puroparques.com.br\/wp-content\/uploads\/2025\/07\/10-1-150x150.jpg 150w, https:\/\/puroparques.com.br\/wp-content\/uploads\/2025\/07\/10-1-768x768.jpg 768w\" sizes=\"auto, (max-width: 1020px) 100vw, 1020px\" \/><\/div><\/div><\/figure><\/div><\/div><\/li><li class=\"kb-slide-item kb-gallery-slide-item\"><div class=\"kadence-blocks-gallery-item\"><div class=\"kadence-blocks-gallery-item-inner\"><figure class=\"kb-gallery-figure kadence-blocks-gallery-item-hide-caption\"><div class=\"kb-gal-image-radius\"><div class=\"kb-gallery-image-contain kadence-blocks-gallery-intrinsic kb-gallery-image-ratio-inherit kb-has-image-ratio-inherit\" ><img loading=\"lazy\" decoding=\"async\" src=\"https:\/\/puroparques.com.br\/wp-content\/uploads\/2025\/07\/5-1.jpg\" width=\"1020\" height=\"765\" alt=\"\" data-full-image=\"https:\/\/puroparques.com.br\/wp-content\/uploads\/2025\/07\/5-1.jpg\" data-light-image=\"https:\/\/puroparques.com.br\/wp-content\/uploads\/2025\/07\/5-1.jpg\" data-id=\"951\" class=\"wp-image-951 skip-lazy\" srcset=\"https:\/\/puroparques.com.br\/wp-content\/uploads\/2025\/07\/5-1.jpg 1020w, https:\/\/puroparques.com.br\/wp-content\/uploads\/2025\/07\/5-1-300x225.jpg 300w, https:\/\/puroparques.com.br\/wp-content\/uploads\/2025\/07\/5-1-768x576.jpg 768w\" sizes=\"auto, (max-width: 1020px) 100vw, 1020px\" \/><\/div><\/div><\/figure><\/div><\/div><\/li><\/div><\/div><\/div><\/div><\/div>\n\n\n\n<div class=\"wp-block-column is-layout-flow wp-block-column-is-layout-flow\" style=\"padding-top:0;padding-bottom:0\"><style>.wp-block-kadence-advancedheading.kt-adv-heading1173_afb1bc-bf, .wp-block-kadence-advancedheading.kt-adv-heading1173_afb1bc-bf[data-kb-block=\"kb-adv-heading1173_afb1bc-bf\"]{font-weight:500;font-style:normal;font-family:Fredoka;}.wp-block-kadence-advancedheading.kt-adv-heading1173_afb1bc-bf mark.kt-highlight, .wp-block-kadence-advancedheading.kt-adv-heading1173_afb1bc-bf[data-kb-block=\"kb-adv-heading1173_afb1bc-bf\"] mark.kt-highlight{font-style:normal;color:#f76a0c;-webkit-box-decoration-break:clone;box-decoration-break:clone;padding-top:0px;padding-right:0px;padding-bottom:0px;padding-left:0px;}<\/style>\n<h2 class=\"kt-adv-heading1173_afb1bc-bf wp-block-kadence-advancedheading has-theme-palette-1-color has-text-color\" data-kb-block=\"kb-adv-heading1173_afb1bc-bf\">Balan\u00e7o Baby<\/h2>\n\n\n<style>.wp-block-kadence-advancedheading.kt-adv-heading1173_b9175c-0d, .wp-block-kadence-advancedheading.kt-adv-heading1173_b9175c-0d[data-kb-block=\"kb-adv-heading1173_b9175c-0d\"]{max-width:600px;font-weight:400;font-style:normal;font-family:Questrial;}.wp-block-kadence-advancedheading.kt-adv-heading1173_b9175c-0d mark.kt-highlight, .wp-block-kadence-advancedheading.kt-adv-heading1173_b9175c-0d[data-kb-block=\"kb-adv-heading1173_b9175c-0d\"] mark.kt-highlight{font-style:normal;color:#f76a0c;-webkit-box-decoration-break:clone;box-decoration-break:clone;padding-top:0px;padding-right:0px;padding-bottom:0px;padding-left:0px;}<\/style>\n<p class=\"kt-adv-heading1173_b9175c-0d wp-block-kadence-advancedheading\" data-kb-block=\"kb-adv-heading1173_b9175c-0d\">Estrutura robusta em tronco de eucalipto tratado em autoclave, equipado com dois assentos de madeira e correntes de alta resist\u00eancia em corda, ideal para \u00e1reas externas como jardins, pra\u00e7as e espa\u00e7os de lazer.<br><br><strong>Dimens\u00f5es:<\/strong> 2,50 m (comprimento) x 1,80 m (largura)<\/p>\n<\/div>\n<\/div>\n<\/div><\/div>\n\n\n\n<div style=\"height:156px\" aria-hidden=\"true\" class=\"wp-block-spacer\"><\/div>\n","protected":false},"excerpt":{"rendered":"<p>puro parque playgrounds Balan\u00e7o Baby Estrutura robusta em tronco de eucalipto tratado em autoclave, equipado com dois assentos de madeira e correntes de alta resist\u00eancia em corda, ideal para \u00e1reas externas como jardins, pra\u00e7as e espa\u00e7os de lazer. Dimens\u00f5es: 2,50 m (comprimento) x 1,80 m (largura)<\/p>\n","protected":false},"author":1,"featured_media":0,"parent":0,"menu_order":0,"comment_status":"closed","ping_status":"closed","template":"","meta":{"_kadence_starter_templates_imported_post":false,"_kad_post_transparent":"","_kad_post_title":"","_kad_post_layout":"","_kad_post_sidebar_id":"","_kad_post_content_style":"","_kad_post_vertical_padding":"","_kad_post_feature":"","_kad_post_feature_position":"","_kad_post_header":false,"_kad_post_footer":false,"footnotes":""},"class_list":["post-1173","page","type-page","status-publish","hentry"],"_links":{"self":[{"href":"https:\/\/puroparques.com.br\/index.php?rest_route=\/wp\/v2\/pages\/1173","targetHints":{"allow":["GET"]}}],"collection":[{"href":"https:\/\/puroparques.com.br\/index.php?rest_route=\/wp\/v2\/pages"}],"about":[{"href":"https:\/\/puroparques.com.br\/index.php?rest_route=\/wp\/v2\/types\/page"}],"author":[{"embeddable":true,"href":"https:\/\/puroparques.com.br\/index.php?rest_route=\/wp\/v2\/users\/1"}],"replies":[{"embeddable":true,"href":"https:\/\/puroparques.com.br\/index.php?rest_route=%2Fwp%2Fv2%2Fcomments&post=1173"}],"version-history":[{"count":28,"href":"https:\/\/puroparques.com.br\/index.php?rest_route=\/wp\/v2\/pages\/1173\/revisions"}],"predecessor-version":[{"id":1670,"href":"https:\/\/puroparques.com.br\/index.php?rest_route=\/wp\/v2\/pages\/1173\/revisions\/1670"}],"wp:attachment":[{"href":"https:\/\/puroparques.com.br\/index.php?rest_route=%2Fwp%2Fv2%2Fmedia&parent=1173"}],"curies":[{"name":"wp","href":"https:\/\/api.w.org\/{rel}","templated":true}]}}