{"id":1200,"date":"2025-07-07T17:29:10","date_gmt":"2025-07-07T17:29:10","guid":{"rendered":"https:\/\/puroparques.com.br\/?page_id=1200"},"modified":"2025-07-17T10:31:24","modified_gmt":"2025-07-17T13:31:24","slug":"balanco-cavalinho","status":"publish","type":"page","link":"https:\/\/puroparques.com.br\/?page_id=1200","title":{"rendered":"Balan\u00e7o &#8211; Cavalinho"},"content":{"rendered":"<style>.wp-block-kadence-advancedheading.kt-adv-heading1200_2875d2-fb, .wp-block-kadence-advancedheading.kt-adv-heading1200_2875d2-fb[data-kb-block=\"kb-adv-heading1200_2875d2-fb\"]{padding-top:var(--global-kb-spacing-lg, 3rem);padding-bottom:var(--global-kb-spacing-xl, 4rem);text-align:center;font-size:var(--global-kb-font-size-md, 1.25rem);font-weight:500;font-style:normal;font-family:Fredoka;text-transform:uppercase;text-shadow:2px 2px 1px rgba(0, 0, 0, 0.2);}.wp-block-kadence-advancedheading.kt-adv-heading1200_2875d2-fb mark.kt-highlight, .wp-block-kadence-advancedheading.kt-adv-heading1200_2875d2-fb[data-kb-block=\"kb-adv-heading1200_2875d2-fb\"] mark.kt-highlight{font-style:normal;color:#f76a0c;-webkit-box-decoration-break:clone;box-decoration-break:clone;padding-top:0px;padding-right:0px;padding-bottom:0px;padding-left:0px;}@media all and (max-width: 1024px){.wp-block-kadence-advancedheading.kt-adv-heading1200_2875d2-fb, .wp-block-kadence-advancedheading.kt-adv-heading1200_2875d2-fb[data-kb-block=\"kb-adv-heading1200_2875d2-fb\"]{text-shadow:2px 2px 1px rgba(0, 0, 0, 0.2);}}@media all and (max-width: 767px){.wp-block-kadence-advancedheading.kt-adv-heading1200_2875d2-fb, .wp-block-kadence-advancedheading.kt-adv-heading1200_2875d2-fb[data-kb-block=\"kb-adv-heading1200_2875d2-fb\"]{text-shadow:2px 2px 1px rgba(0, 0, 0, 0.2);}}<\/style>\n<h2 class=\"kt-adv-heading1200_2875d2-fb wp-block-kadence-advancedheading has-theme-palette-1-color has-text-color\" data-kb-block=\"kb-adv-heading1200_2875d2-fb\">puro parque playgrounds<\/h2>\n\n\n\n<div class=\"wp-block-columns is-layout-flex wp-container-core-columns-is-layout-9d6595d7 wp-block-columns-is-layout-flex\">\n<div class=\"wp-block-column is-layout-constrained wp-block-column-is-layout-constrained\"><style>.wp-block-kadence-advancedgallery.kb-gallery-wrap-id-1200_81821b-26{margin-left:var(--global-kb-spacing-xl, 4rem);padding-left:0px;}.kb-gallery-id-1200_81821b-26 .kadence-blocks-gallery-item .kb-gal-image-radius, .kb-gallery-id-1200_81821b-26 .kb-slide-item .kb-gal-image-radius img{border-radius:0px 0px 0px 0px;;}.kb-gallery-wrap-id-1200_81821b-26.wp-block-kadence-advancedgallery{overflow:visible;}.kb-gallery-wrap-id-1200_81821b-26.wp-block-kadence-advancedgallery .kt-blocks-carousel{overflow:visible;}<\/style><div class=\"kb-gallery-wrap-id-1200_81821b-26 alignnone wp-block-kadence-advancedgallery\"><div class=\"kb-gallery-ul kb-gallery-non-static kb-gallery-type-slider kb-gallery-id-1200_81821b-26 kb-gallery-caption-style-bottom-hover kb-gallery-filter-none\" data-image-filter=\"none\" data-lightbox-caption=\"true\"><div class=\"kt-blocks-carousel kt-carousel-container-dotstyle-dark\"><div class=\"kt-blocks-carousel-init kb-blocks-slider kt-carousel-arrowstyle-whiteondark kt-carousel-dotstyle-dark kb-slider-group-arrow kb-slider-arrow-position-center\" data-slider-anim-speed=\"400\" data-slider-scroll=\"1\" data-slider-arrows=\"true\" data-slider-fade=\"true\" data-slider-dots=\"true\"data-slider-type=\"slider\"  data-slider-hover-pause=\"false\" data-slider-auto=\"\" data-slider-speed=\"7000\" data-show-pause-button=\"false\"><li class=\"kb-slide-item kb-gallery-slide-item\"><div class=\"kadence-blocks-gallery-item\"><div class=\"kadence-blocks-gallery-item-inner\"><figure class=\"kb-gallery-figure kadence-blocks-gallery-item-hide-caption\"><div class=\"kb-gal-image-radius\"><div class=\"kb-gallery-image-contain kadence-blocks-gallery-intrinsic kb-gallery-image-ratio-inherit kb-has-image-ratio-inherit\" ><img loading=\"lazy\" decoding=\"async\" src=\"https:\/\/puroparques.com.br\/wp-content\/uploads\/2025\/07\/4-1.jpg\" width=\"1020\" height=\"765\" alt=\"\" data-full-image=\"https:\/\/puroparques.com.br\/wp-content\/uploads\/2025\/07\/4-1.jpg\" data-light-image=\"https:\/\/puroparques.com.br\/wp-content\/uploads\/2025\/07\/4-1.jpg\" data-id=\"950\" class=\"wp-image-950 skip-lazy\" srcset=\"https:\/\/puroparques.com.br\/wp-content\/uploads\/2025\/07\/4-1.jpg 1020w, https:\/\/puroparques.com.br\/wp-content\/uploads\/2025\/07\/4-1-300x225.jpg 300w, https:\/\/puroparques.com.br\/wp-content\/uploads\/2025\/07\/4-1-768x576.jpg 768w\" sizes=\"auto, (max-width: 1020px) 100vw, 1020px\" \/><\/div><\/div><\/figure><\/div><\/div><\/li><li class=\"kb-slide-item kb-gallery-slide-item\"><div class=\"kadence-blocks-gallery-item\"><div class=\"kadence-blocks-gallery-item-inner\"><figure class=\"kb-gallery-figure kadence-blocks-gallery-item-hide-caption\"><div class=\"kb-gal-image-radius\"><div class=\"kb-gallery-image-contain kadence-blocks-gallery-intrinsic kb-gallery-image-ratio-inherit kb-has-image-ratio-inherit\" ><img loading=\"lazy\" decoding=\"async\" src=\"https:\/\/puroparques.com.br\/wp-content\/uploads\/2025\/07\/Upa-Duplo.jpg\" width=\"1020\" height=\"765\" alt=\"\" data-full-image=\"https:\/\/puroparques.com.br\/wp-content\/uploads\/2025\/07\/Upa-Duplo.jpg\" data-light-image=\"https:\/\/puroparques.com.br\/wp-content\/uploads\/2025\/07\/Upa-Duplo.jpg\" data-id=\"964\" class=\"wp-image-964 skip-lazy\" srcset=\"https:\/\/puroparques.com.br\/wp-content\/uploads\/2025\/07\/Upa-Duplo.jpg 1020w, https:\/\/puroparques.com.br\/wp-content\/uploads\/2025\/07\/Upa-Duplo-300x225.jpg 300w, https:\/\/puroparques.com.br\/wp-content\/uploads\/2025\/07\/Upa-Duplo-768x576.jpg 768w\" sizes=\"auto, (max-width: 1020px) 100vw, 1020px\" \/><\/div><\/div><\/figure><\/div><\/div><\/li><li class=\"kb-slide-item kb-gallery-slide-item\"><div class=\"kadence-blocks-gallery-item\"><div class=\"kadence-blocks-gallery-item-inner\"><figure class=\"kb-gallery-figure kadence-blocks-gallery-item-hide-caption\"><div class=\"kb-gal-image-radius\"><div class=\"kb-gallery-image-contain kadence-blocks-gallery-intrinsic kb-gallery-image-ratio-inherit kb-has-image-ratio-inherit\" ><img loading=\"lazy\" decoding=\"async\" src=\"https:\/\/puroparques.com.br\/wp-content\/uploads\/2025\/07\/1-1.jpg\" width=\"1020\" height=\"765\" alt=\"\" data-full-image=\"https:\/\/puroparques.com.br\/wp-content\/uploads\/2025\/07\/1-1.jpg\" data-light-image=\"https:\/\/puroparques.com.br\/wp-content\/uploads\/2025\/07\/1-1.jpg\" data-id=\"947\" class=\"wp-image-947 skip-lazy\" srcset=\"https:\/\/puroparques.com.br\/wp-content\/uploads\/2025\/07\/1-1.jpg 1020w, https:\/\/puroparques.com.br\/wp-content\/uploads\/2025\/07\/1-1-300x225.jpg 300w, https:\/\/puroparques.com.br\/wp-content\/uploads\/2025\/07\/1-1-768x576.jpg 768w\" sizes=\"auto, (max-width: 1020px) 100vw, 1020px\" \/><\/div><\/div><\/figure><\/div><\/div><\/li><\/div><\/div><\/div><\/div><\/div>\n\n\n\n<div class=\"wp-block-column is-layout-flow wp-block-column-is-layout-flow\"><style>.wp-block-kadence-advancedheading.kt-adv-heading1200_a5bbd6-66, .wp-block-kadence-advancedheading.kt-adv-heading1200_a5bbd6-66[data-kb-block=\"kb-adv-heading1200_a5bbd6-66\"]{font-weight:500;font-style:normal;font-family:Fredoka;}.wp-block-kadence-advancedheading.kt-adv-heading1200_a5bbd6-66 mark.kt-highlight, .wp-block-kadence-advancedheading.kt-adv-heading1200_a5bbd6-66[data-kb-block=\"kb-adv-heading1200_a5bbd6-66\"] mark.kt-highlight{font-style:normal;color:#f76a0c;-webkit-box-decoration-break:clone;box-decoration-break:clone;padding-top:0px;padding-right:0px;padding-bottom:0px;padding-left:0px;}<\/style>\n<h2 class=\"kt-adv-heading1200_a5bbd6-66 wp-block-kadence-advancedheading has-theme-palette-1-color has-text-color\" data-kb-block=\"kb-adv-heading1200_a5bbd6-66\">Balan\u00e7o Cavalinho<\/h2>\n\n\n<style>.wp-block-kadence-advancedheading.kt-adv-heading1200_a2f17e-52, .wp-block-kadence-advancedheading.kt-adv-heading1200_a2f17e-52[data-kb-block=\"kb-adv-heading1200_a2f17e-52\"]{max-width:600px;padding-right:0px;margin-right:0px;font-weight:400;font-style:normal;font-family:Questrial;}.wp-block-kadence-advancedheading.kt-adv-heading1200_a2f17e-52 mark.kt-highlight, .wp-block-kadence-advancedheading.kt-adv-heading1200_a2f17e-52[data-kb-block=\"kb-adv-heading1200_a2f17e-52\"] mark.kt-highlight{font-style:normal;color:#f76a0c;-webkit-box-decoration-break:clone;box-decoration-break:clone;padding-top:0px;padding-right:0px;padding-bottom:0px;padding-left:0px;}<\/style>\n<p class=\"kt-adv-heading1200_a2f17e-52 wp-block-kadence-advancedheading\" data-kb-block=\"kb-adv-heading1200_a2f17e-52\">Estrutura robusta em tronco de eucalipto tratado em autoclave, equipado com dois assentos de madeira em formato de cavalo com suporte em a\u00e7o com pintura eletrost\u00e1tica, proporcionando alta durabilidade e resist\u00eancia \u00e0s a\u00e7\u00f5es do tempo. Ideal para composi\u00e7\u00f5es em ambientes externos como jardins, varandas e \u00e1reas de lazer.<br><br><strong>Dimens\u00f5es:<\/strong> 2,20 m (largura) x 3,00 m (comprimento)<\/p>\n<\/div>\n<\/div>\n\n\n\n<div style=\"height:150px\" aria-hidden=\"true\" class=\"wp-block-spacer\"><\/div>\n\n\n\n<p><\/p>\n","protected":false},"excerpt":{"rendered":"<p>puro parque playgrounds Balan\u00e7o Cavalinho Estrutura robusta em tronco de eucalipto tratado em autoclave, equipado com dois assentos de madeira em formato de cavalo com suporte em a\u00e7o com pintura eletrost\u00e1tica, proporcionando alta durabilidade e resist\u00eancia \u00e0s a\u00e7\u00f5es do tempo. Ideal para composi\u00e7\u00f5es em ambientes externos como jardins, varandas e \u00e1reas de lazer. Dimens\u00f5es: 2,20&#8230;<\/p>\n","protected":false},"author":1,"featured_media":0,"parent":0,"menu_order":0,"comment_status":"closed","ping_status":"closed","template":"","meta":{"_kadence_starter_templates_imported_post":false,"_kad_post_transparent":"","_kad_post_title":"","_kad_post_layout":"","_kad_post_sidebar_id":"","_kad_post_content_style":"","_kad_post_vertical_padding":"","_kad_post_feature":"","_kad_post_feature_position":"","_kad_post_header":false,"_kad_post_footer":false,"footnotes":""},"class_list":["post-1200","page","type-page","status-publish","hentry"],"_links":{"self":[{"href":"https:\/\/puroparques.com.br\/index.php?rest_route=\/wp\/v2\/pages\/1200","targetHints":{"allow":["GET"]}}],"collection":[{"href":"https:\/\/puroparques.com.br\/index.php?rest_route=\/wp\/v2\/pages"}],"about":[{"href":"https:\/\/puroparques.com.br\/index.php?rest_route=\/wp\/v2\/types\/page"}],"author":[{"embeddable":true,"href":"https:\/\/puroparques.com.br\/index.php?rest_route=\/wp\/v2\/users\/1"}],"replies":[{"embeddable":true,"href":"https:\/\/puroparques.com.br\/index.php?rest_route=%2Fwp%2Fv2%2Fcomments&post=1200"}],"version-history":[{"count":8,"href":"https:\/\/puroparques.com.br\/index.php?rest_route=\/wp\/v2\/pages\/1200\/revisions"}],"predecessor-version":[{"id":1671,"href":"https:\/\/puroparques.com.br\/index.php?rest_route=\/wp\/v2\/pages\/1200\/revisions\/1671"}],"wp:attachment":[{"href":"https:\/\/puroparques.com.br\/index.php?rest_route=%2Fwp%2Fv2%2Fmedia&parent=1200"}],"curies":[{"name":"wp","href":"https:\/\/api.w.org\/{rel}","templated":true}]}}