{"id":1205,"date":"2025-07-07T17:31:49","date_gmt":"2025-07-07T17:31:49","guid":{"rendered":"https:\/\/puroparques.com.br\/?page_id=1205"},"modified":"2025-07-08T23:13:20","modified_gmt":"2025-07-08T23:13:20","slug":"balanco-duplo","status":"publish","type":"page","link":"https:\/\/puroparques.com.br\/?page_id=1205","title":{"rendered":"Balan\u00e7o Duplo"},"content":{"rendered":"<style>.wp-block-kadence-advancedheading.kt-adv-heading1205_e41480-d3, .wp-block-kadence-advancedheading.kt-adv-heading1205_e41480-d3[data-kb-block=\"kb-adv-heading1205_e41480-d3\"]{padding-top:var(--global-kb-spacing-md, 2rem);padding-bottom:var(--global-kb-spacing-lg, 3rem);text-align:center;font-size:var(--global-kb-font-size-md, 1.25rem);font-weight:500;font-style:normal;font-family:Fredoka;text-transform:uppercase;text-shadow:2px 2px 1px rgba(0, 0, 0, 0.2);}.wp-block-kadence-advancedheading.kt-adv-heading1205_e41480-d3 mark.kt-highlight, .wp-block-kadence-advancedheading.kt-adv-heading1205_e41480-d3[data-kb-block=\"kb-adv-heading1205_e41480-d3\"] mark.kt-highlight{font-style:normal;color:#f76a0c;-webkit-box-decoration-break:clone;box-decoration-break:clone;padding-top:0px;padding-right:0px;padding-bottom:0px;padding-left:0px;}@media all and (max-width: 1024px){.wp-block-kadence-advancedheading.kt-adv-heading1205_e41480-d3, .wp-block-kadence-advancedheading.kt-adv-heading1205_e41480-d3[data-kb-block=\"kb-adv-heading1205_e41480-d3\"]{text-shadow:2px 2px 1px rgba(0, 0, 0, 0.2);}}@media all and (max-width: 767px){.wp-block-kadence-advancedheading.kt-adv-heading1205_e41480-d3, .wp-block-kadence-advancedheading.kt-adv-heading1205_e41480-d3[data-kb-block=\"kb-adv-heading1205_e41480-d3\"]{text-shadow:2px 2px 1px rgba(0, 0, 0, 0.2);}}<\/style>\n<h2 class=\"kt-adv-heading1205_e41480-d3 wp-block-kadence-advancedheading has-theme-palette-1-color has-text-color\" data-kb-block=\"kb-adv-heading1205_e41480-d3\">puro parques playgrounds<\/h2>\n\n\n\n<div class=\"wp-block-columns is-layout-flex wp-container-core-columns-is-layout-9d6595d7 wp-block-columns-is-layout-flex\">\n<div class=\"wp-block-column is-layout-flow wp-block-column-is-layout-flow\"><style>.wp-block-kadence-advancedgallery.kb-gallery-wrap-id-1205_c26b42-4d{margin-left:var(--global-kb-spacing-xl, 4rem);padding-left:0px;}.kb-gallery-id-1205_c26b42-4d .kadence-blocks-gallery-item .kb-gal-image-radius, .kb-gallery-id-1205_c26b42-4d .kb-slide-item .kb-gal-image-radius img{border-radius:0px 0px 0px 0px;;}.kb-gallery-wrap-id-1205_c26b42-4d.wp-block-kadence-advancedgallery{overflow:visible;}.kb-gallery-wrap-id-1205_c26b42-4d.wp-block-kadence-advancedgallery .kt-blocks-carousel{overflow:visible;}<\/style><div class=\"kb-gallery-wrap-id-1205_c26b42-4d alignnone wp-block-kadence-advancedgallery\"><div class=\"kb-gallery-ul kb-gallery-non-static kb-gallery-type-slider kb-gallery-id-1205_c26b42-4d kb-gallery-caption-style-bottom-hover kb-gallery-filter-none\" data-image-filter=\"none\" data-lightbox-caption=\"true\"><div class=\"kt-blocks-carousel kt-carousel-container-dotstyle-dark\"><div class=\"kt-blocks-carousel-init kb-blocks-slider kt-carousel-arrowstyle-whiteondark kt-carousel-dotstyle-dark kb-slider-group-arrow kb-slider-arrow-position-center\" data-slider-anim-speed=\"400\" data-slider-scroll=\"1\" data-slider-arrows=\"true\" data-slider-fade=\"true\" data-slider-dots=\"true\"data-slider-type=\"slider\"  data-slider-hover-pause=\"false\" data-slider-auto=\"\" data-slider-speed=\"7000\" data-show-pause-button=\"false\"><li class=\"kb-slide-item kb-gallery-slide-item\"><div class=\"kadence-blocks-gallery-item\"><div class=\"kadence-blocks-gallery-item-inner\"><figure class=\"kb-gallery-figure kadence-blocks-gallery-item-hide-caption\"><div class=\"kb-gal-image-radius\"><div class=\"kb-gallery-image-contain kadence-blocks-gallery-intrinsic kb-gallery-image-ratio-inherit kb-has-image-ratio-inherit\" ><img loading=\"lazy\" decoding=\"async\" src=\"https:\/\/puroparques.com.br\/wp-content\/uploads\/2025\/07\/9-1.jpg\" width=\"1020\" height=\"765\" alt=\"\" data-full-image=\"https:\/\/puroparques.com.br\/wp-content\/uploads\/2025\/07\/9-1.jpg\" data-light-image=\"https:\/\/puroparques.com.br\/wp-content\/uploads\/2025\/07\/9-1.jpg\" data-id=\"955\" class=\"wp-image-955 skip-lazy\" srcset=\"https:\/\/puroparques.com.br\/wp-content\/uploads\/2025\/07\/9-1.jpg 1020w, https:\/\/puroparques.com.br\/wp-content\/uploads\/2025\/07\/9-1-300x225.jpg 300w, https:\/\/puroparques.com.br\/wp-content\/uploads\/2025\/07\/9-1-768x576.jpg 768w\" sizes=\"auto, (max-width: 1020px) 100vw, 1020px\" \/><\/div><\/div><\/figure><\/div><\/div><\/li><li class=\"kb-slide-item kb-gallery-slide-item\"><div class=\"kadence-blocks-gallery-item\"><div class=\"kadence-blocks-gallery-item-inner\"><figure class=\"kb-gallery-figure kadence-blocks-gallery-item-hide-caption\"><div class=\"kb-gal-image-radius\"><div class=\"kb-gallery-image-contain kadence-blocks-gallery-intrinsic kb-gallery-image-ratio-inherit kb-has-image-ratio-inherit\" ><img loading=\"lazy\" decoding=\"async\" src=\"https:\/\/puroparques.com.br\/wp-content\/uploads\/2025\/07\/3-1.jpg\" width=\"1020\" height=\"765\" alt=\"\" data-full-image=\"https:\/\/puroparques.com.br\/wp-content\/uploads\/2025\/07\/3-1.jpg\" data-light-image=\"https:\/\/puroparques.com.br\/wp-content\/uploads\/2025\/07\/3-1.jpg\" data-id=\"949\" class=\"wp-image-949 skip-lazy\" srcset=\"https:\/\/puroparques.com.br\/wp-content\/uploads\/2025\/07\/3-1.jpg 1020w, https:\/\/puroparques.com.br\/wp-content\/uploads\/2025\/07\/3-1-300x225.jpg 300w, https:\/\/puroparques.com.br\/wp-content\/uploads\/2025\/07\/3-1-768x576.jpg 768w\" sizes=\"auto, (max-width: 1020px) 100vw, 1020px\" \/><\/div><\/div><\/figure><\/div><\/div><\/li><li class=\"kb-slide-item kb-gallery-slide-item\"><div class=\"kadence-blocks-gallery-item\"><div class=\"kadence-blocks-gallery-item-inner\"><figure class=\"kb-gallery-figure kadence-blocks-gallery-item-hide-caption\"><div class=\"kb-gal-image-radius\"><div class=\"kb-gallery-image-contain kadence-blocks-gallery-intrinsic kb-gallery-image-ratio-inherit kb-has-image-ratio-inherit\" ><img loading=\"lazy\" decoding=\"async\" src=\"https:\/\/puroparques.com.br\/wp-content\/uploads\/2025\/07\/2.jpg\" width=\"1020\" height=\"763\" alt=\"\" data-full-image=\"https:\/\/puroparques.com.br\/wp-content\/uploads\/2025\/07\/2.jpg\" data-light-image=\"https:\/\/puroparques.com.br\/wp-content\/uploads\/2025\/07\/2.jpg\" data-id=\"944\" class=\"wp-image-944 skip-lazy\" srcset=\"https:\/\/puroparques.com.br\/wp-content\/uploads\/2025\/07\/2.jpg 1020w, https:\/\/puroparques.com.br\/wp-content\/uploads\/2025\/07\/2-300x224.jpg 300w, https:\/\/puroparques.com.br\/wp-content\/uploads\/2025\/07\/2-768x574.jpg 768w\" sizes=\"auto, (max-width: 1020px) 100vw, 1020px\" \/><\/div><\/div><\/figure><\/div><\/div><\/li><\/div><\/div><\/div><\/div><\/div>\n\n\n\n<div class=\"wp-block-column is-layout-flow wp-block-column-is-layout-flow\"><style>.wp-block-kadence-advancedheading.kt-adv-heading1205_8c3944-9b, .wp-block-kadence-advancedheading.kt-adv-heading1205_8c3944-9b[data-kb-block=\"kb-adv-heading1205_8c3944-9b\"]{font-weight:500;font-style:normal;font-family:Fredoka;}.wp-block-kadence-advancedheading.kt-adv-heading1205_8c3944-9b mark.kt-highlight, .wp-block-kadence-advancedheading.kt-adv-heading1205_8c3944-9b[data-kb-block=\"kb-adv-heading1205_8c3944-9b\"] mark.kt-highlight{font-style:normal;color:#f76a0c;-webkit-box-decoration-break:clone;box-decoration-break:clone;padding-top:0px;padding-right:0px;padding-bottom:0px;padding-left:0px;}<\/style>\n<h2 class=\"kt-adv-heading1205_8c3944-9b wp-block-kadence-advancedheading has-theme-palette-1-color has-text-color\" data-kb-block=\"kb-adv-heading1205_8c3944-9b\">Balan\u00e7o Duplo<\/h2>\n\n\n<style>.wp-block-kadence-advancedheading.kt-adv-heading1205_7c7a6e-5b, .wp-block-kadence-advancedheading.kt-adv-heading1205_7c7a6e-5b[data-kb-block=\"kb-adv-heading1205_7c7a6e-5b\"]{max-width:600px;font-weight:400;font-style:normal;font-family:Questrial;}.wp-block-kadence-advancedheading.kt-adv-heading1205_7c7a6e-5b mark.kt-highlight, .wp-block-kadence-advancedheading.kt-adv-heading1205_7c7a6e-5b[data-kb-block=\"kb-adv-heading1205_7c7a6e-5b\"] mark.kt-highlight{font-style:normal;color:#f76a0c;-webkit-box-decoration-break:clone;box-decoration-break:clone;padding-top:0px;padding-right:0px;padding-bottom:0px;padding-left:0px;}<\/style>\n<p class=\"kt-adv-heading1205_7c7a6e-5b wp-block-kadence-advancedheading\" data-kb-block=\"kb-adv-heading1205_7c7a6e-5b\">Balan\u00e7o duplo em tronco de eucalipto tratado em autoclave ou em a\u00e7o com pintura eletrost\u00e1tica. Conta com dois assentos de madeira fixados por correntes galvanizadas de alta resist\u00eancia, ideal para \u00e1reas externas como jardins, pra\u00e7as e espa\u00e7os de lazer.<br><br><strong>Dimens\u00f5es:<\/strong> 2,50 m (comprimento) x 1,80 m (largura)<\/p>\n<\/div>\n<\/div>\n\n\n\n<div style=\"height:150px\" aria-hidden=\"true\" class=\"wp-block-spacer\"><\/div>\n","protected":false},"excerpt":{"rendered":"<p>puro parques playgrounds Balan\u00e7o Duplo Balan\u00e7o duplo em tronco de eucalipto tratado em autoclave ou em a\u00e7o com pintura eletrost\u00e1tica. Conta com dois assentos de madeira fixados por correntes galvanizadas de alta resist\u00eancia, ideal para \u00e1reas externas como jardins, pra\u00e7as e espa\u00e7os de lazer. Dimens\u00f5es: 2,50 m (comprimento) x 1,80 m (largura)<\/p>\n","protected":false},"author":1,"featured_media":0,"parent":0,"menu_order":0,"comment_status":"closed","ping_status":"closed","template":"","meta":{"_kadence_starter_templates_imported_post":false,"_kad_post_transparent":"","_kad_post_title":"","_kad_post_layout":"","_kad_post_sidebar_id":"","_kad_post_content_style":"","_kad_post_vertical_padding":"","_kad_post_feature":"","_kad_post_feature_position":"","_kad_post_header":false,"_kad_post_footer":false,"footnotes":""},"class_list":["post-1205","page","type-page","status-publish","hentry"],"_links":{"self":[{"href":"https:\/\/puroparques.com.br\/index.php?rest_route=\/wp\/v2\/pages\/1205","targetHints":{"allow":["GET"]}}],"collection":[{"href":"https:\/\/puroparques.com.br\/index.php?rest_route=\/wp\/v2\/pages"}],"about":[{"href":"https:\/\/puroparques.com.br\/index.php?rest_route=\/wp\/v2\/types\/page"}],"author":[{"embeddable":true,"href":"https:\/\/puroparques.com.br\/index.php?rest_route=\/wp\/v2\/users\/1"}],"replies":[{"embeddable":true,"href":"https:\/\/puroparques.com.br\/index.php?rest_route=%2Fwp%2Fv2%2Fcomments&post=1205"}],"version-history":[{"count":5,"href":"https:\/\/puroparques.com.br\/index.php?rest_route=\/wp\/v2\/pages\/1205\/revisions"}],"predecessor-version":[{"id":1597,"href":"https:\/\/puroparques.com.br\/index.php?rest_route=\/wp\/v2\/pages\/1205\/revisions\/1597"}],"wp:attachment":[{"href":"https:\/\/puroparques.com.br\/index.php?rest_route=%2Fwp%2Fv2%2Fmedia&parent=1205"}],"curies":[{"name":"wp","href":"https:\/\/api.w.org\/{rel}","templated":true}]}}