{"id":1248,"date":"2025-07-07T18:25:41","date_gmt":"2025-07-07T18:25:41","guid":{"rendered":"https:\/\/puroparques.com.br\/?page_id=1248"},"modified":"2025-07-07T23:48:40","modified_gmt":"2025-07-07T23:48:40","slug":"escorregador-em-ferro","status":"publish","type":"page","link":"https:\/\/puroparques.com.br\/?page_id=1248","title":{"rendered":"Escorregador em A\u00e7o"},"content":{"rendered":"<style>.wp-block-kadence-advancedheading.kt-adv-heading1248_d95bcb-28, .wp-block-kadence-advancedheading.kt-adv-heading1248_d95bcb-28[data-kb-block=\"kb-adv-heading1248_d95bcb-28\"]{padding-top:var(--global-kb-spacing-md, 2rem);padding-bottom:var(--global-kb-spacing-lg, 3rem);text-align:center;font-size:var(--global-kb-font-size-md, 1.25rem);font-weight:500;font-style:normal;font-family:Fredoka;text-transform:uppercase;text-shadow:2px 2px 1px rgba(0, 0, 0, 0.2);}.wp-block-kadence-advancedheading.kt-adv-heading1248_d95bcb-28 mark.kt-highlight, .wp-block-kadence-advancedheading.kt-adv-heading1248_d95bcb-28[data-kb-block=\"kb-adv-heading1248_d95bcb-28\"] mark.kt-highlight{font-style:normal;color:#f76a0c;-webkit-box-decoration-break:clone;box-decoration-break:clone;padding-top:0px;padding-right:0px;padding-bottom:0px;padding-left:0px;}@media all and (max-width: 1024px){.wp-block-kadence-advancedheading.kt-adv-heading1248_d95bcb-28, .wp-block-kadence-advancedheading.kt-adv-heading1248_d95bcb-28[data-kb-block=\"kb-adv-heading1248_d95bcb-28\"]{text-shadow:2px 2px 1px rgba(0, 0, 0, 0.2);}}@media all and (max-width: 767px){.wp-block-kadence-advancedheading.kt-adv-heading1248_d95bcb-28, .wp-block-kadence-advancedheading.kt-adv-heading1248_d95bcb-28[data-kb-block=\"kb-adv-heading1248_d95bcb-28\"]{text-shadow:2px 2px 1px rgba(0, 0, 0, 0.2);}}<\/style>\n<p class=\"kt-adv-heading1248_d95bcb-28 wp-block-kadence-advancedheading has-theme-palette-1-color has-text-color\" data-kb-block=\"kb-adv-heading1248_d95bcb-28\">puro parque playgrounds<\/p>\n\n\n\n<div class=\"wp-block-columns is-layout-flex wp-container-core-columns-is-layout-9d6595d7 wp-block-columns-is-layout-flex\">\n<div class=\"wp-block-column is-layout-flow wp-block-column-is-layout-flow\"><style>.wp-block-kadence-advancedgallery.kb-gallery-wrap-id-1248_10977a-6d{margin-left:var(--global-kb-spacing-xl, 4rem);padding-left:0px;}.kb-gallery-id-1248_10977a-6d .kadence-blocks-gallery-item .kb-gal-image-radius, .kb-gallery-id-1248_10977a-6d .kb-slide-item .kb-gal-image-radius img{border-radius:0px 0px 0px 0px;;}.kb-gallery-wrap-id-1248_10977a-6d.wp-block-kadence-advancedgallery{overflow:visible;}.kb-gallery-wrap-id-1248_10977a-6d.wp-block-kadence-advancedgallery .kt-blocks-carousel{overflow:visible;}<\/style><div class=\"kb-gallery-wrap-id-1248_10977a-6d alignnone wp-block-kadence-advancedgallery\"><div class=\"kb-gallery-ul kb-gallery-non-static kb-gallery-type-slider kb-gallery-id-1248_10977a-6d kb-gallery-caption-style-bottom-hover kb-gallery-filter-none\" data-image-filter=\"none\" data-lightbox-caption=\"true\"><div class=\"kt-blocks-carousel kt-carousel-container-dotstyle-dark\"><div class=\"kt-blocks-carousel-init kb-blocks-slider kt-carousel-arrowstyle-whiteondark kt-carousel-dotstyle-dark kb-slider-group-arrow kb-slider-arrow-position-center\" data-slider-anim-speed=\"400\" data-slider-scroll=\"1\" data-slider-arrows=\"true\" data-slider-fade=\"true\" data-slider-dots=\"true\"data-slider-type=\"slider\"  data-slider-hover-pause=\"false\" data-slider-auto=\"\" data-slider-speed=\"7000\" data-show-pause-button=\"false\"><li class=\"kb-slide-item kb-gallery-slide-item\"><div class=\"kadence-blocks-gallery-item\"><div class=\"kadence-blocks-gallery-item-inner\"><figure class=\"kb-gallery-figure kadence-blocks-gallery-item-hide-caption\"><div class=\"kb-gal-image-radius\"><div class=\"kb-gallery-image-contain kadence-blocks-gallery-intrinsic kb-gallery-image-ratio-inherit kb-has-image-ratio-inherit\" ><img loading=\"lazy\" decoding=\"async\" src=\"https:\/\/puroparques.com.br\/wp-content\/uploads\/2025\/07\/IMG-20250630-WA0002-1024x768.jpg\" width=\"1024\" height=\"768\" alt=\"\" data-full-image=\"https:\/\/puroparques.com.br\/wp-content\/uploads\/2025\/07\/IMG-20250630-WA0002.jpg\" data-light-image=\"https:\/\/puroparques.com.br\/wp-content\/uploads\/2025\/07\/IMG-20250630-WA0002.jpg\" data-id=\"1090\" class=\"wp-image-1090 skip-lazy\" srcset=\"https:\/\/puroparques.com.br\/wp-content\/uploads\/2025\/07\/IMG-20250630-WA0002-1024x768.jpg 1024w, https:\/\/puroparques.com.br\/wp-content\/uploads\/2025\/07\/IMG-20250630-WA0002-300x225.jpg 300w, https:\/\/puroparques.com.br\/wp-content\/uploads\/2025\/07\/IMG-20250630-WA0002-768x576.jpg 768w, https:\/\/puroparques.com.br\/wp-content\/uploads\/2025\/07\/IMG-20250630-WA0002-1536x1152.jpg 1536w, https:\/\/puroparques.com.br\/wp-content\/uploads\/2025\/07\/IMG-20250630-WA0002.jpg 1600w\" sizes=\"auto, (max-width: 1024px) 100vw, 1024px\" \/><\/div><\/div><\/figure><\/div><\/div><\/li><li class=\"kb-slide-item kb-gallery-slide-item\"><div class=\"kadence-blocks-gallery-item\"><div class=\"kadence-blocks-gallery-item-inner\"><figure class=\"kb-gallery-figure kadence-blocks-gallery-item-hide-caption\"><div class=\"kb-gal-image-radius\"><div class=\"kb-gallery-image-contain kadence-blocks-gallery-intrinsic kb-gallery-image-ratio-inherit kb-has-image-ratio-inherit\" ><img loading=\"lazy\" decoding=\"async\" src=\"https:\/\/puroparques.com.br\/wp-content\/uploads\/2025\/07\/bb032cf6-7722-4d25-b4e2-659a66aafc95-1024x768.jpg\" width=\"1024\" height=\"768\" alt=\"\" data-full-image=\"https:\/\/puroparques.com.br\/wp-content\/uploads\/2025\/07\/bb032cf6-7722-4d25-b4e2-659a66aafc95.jpg\" data-light-image=\"https:\/\/puroparques.com.br\/wp-content\/uploads\/2025\/07\/bb032cf6-7722-4d25-b4e2-659a66aafc95.jpg\" data-id=\"987\" class=\"wp-image-987 skip-lazy\" srcset=\"https:\/\/puroparques.com.br\/wp-content\/uploads\/2025\/07\/bb032cf6-7722-4d25-b4e2-659a66aafc95-1024x768.jpg 1024w, https:\/\/puroparques.com.br\/wp-content\/uploads\/2025\/07\/bb032cf6-7722-4d25-b4e2-659a66aafc95-300x225.jpg 300w, https:\/\/puroparques.com.br\/wp-content\/uploads\/2025\/07\/bb032cf6-7722-4d25-b4e2-659a66aafc95-768x576.jpg 768w, https:\/\/puroparques.com.br\/wp-content\/uploads\/2025\/07\/bb032cf6-7722-4d25-b4e2-659a66aafc95.jpg 1280w\" sizes=\"auto, (max-width: 1024px) 100vw, 1024px\" \/><\/div><\/div><\/figure><\/div><\/div><\/li><li class=\"kb-slide-item kb-gallery-slide-item\"><div class=\"kadence-blocks-gallery-item\"><div class=\"kadence-blocks-gallery-item-inner\"><figure class=\"kb-gallery-figure kadence-blocks-gallery-item-hide-caption\"><div class=\"kb-gal-image-radius\"><div class=\"kb-gallery-image-contain kadence-blocks-gallery-intrinsic kb-gallery-image-ratio-inherit kb-has-image-ratio-inherit\" ><img loading=\"lazy\" decoding=\"async\" src=\"https:\/\/puroparques.com.br\/wp-content\/uploads\/2025\/07\/43cfb075-40cd-418a-93c7-92a1ec8188d0.jpg\" width=\"480\" height=\"640\" alt=\"\" data-full-image=\"https:\/\/puroparques.com.br\/wp-content\/uploads\/2025\/07\/43cfb075-40cd-418a-93c7-92a1ec8188d0.jpg\" data-light-image=\"https:\/\/puroparques.com.br\/wp-content\/uploads\/2025\/07\/43cfb075-40cd-418a-93c7-92a1ec8188d0.jpg\" data-id=\"984\" class=\"wp-image-984 skip-lazy\" srcset=\"https:\/\/puroparques.com.br\/wp-content\/uploads\/2025\/07\/43cfb075-40cd-418a-93c7-92a1ec8188d0.jpg 480w, https:\/\/puroparques.com.br\/wp-content\/uploads\/2025\/07\/43cfb075-40cd-418a-93c7-92a1ec8188d0-225x300.jpg 225w\" sizes=\"auto, (max-width: 480px) 100vw, 480px\" \/><\/div><\/div><\/figure><\/div><\/div><\/li><\/div><\/div><\/div><\/div><\/div>\n\n\n\n<div class=\"wp-block-column is-layout-flow wp-block-column-is-layout-flow\"><style>.wp-block-kadence-advancedheading.kt-adv-heading1248_977ba6-af, .wp-block-kadence-advancedheading.kt-adv-heading1248_977ba6-af[data-kb-block=\"kb-adv-heading1248_977ba6-af\"]{font-weight:500;font-style:normal;font-family:Fredoka;}.wp-block-kadence-advancedheading.kt-adv-heading1248_977ba6-af mark.kt-highlight, .wp-block-kadence-advancedheading.kt-adv-heading1248_977ba6-af[data-kb-block=\"kb-adv-heading1248_977ba6-af\"] mark.kt-highlight{font-style:normal;color:#f76a0c;-webkit-box-decoration-break:clone;box-decoration-break:clone;padding-top:0px;padding-right:0px;padding-bottom:0px;padding-left:0px;}<\/style>\n<h2 class=\"kt-adv-heading1248_977ba6-af wp-block-kadence-advancedheading has-theme-palette-1-color has-text-color\" data-kb-block=\"kb-adv-heading1248_977ba6-af\">Escorregador em A\u00e7o<\/h2>\n\n\n<style>.wp-block-kadence-advancedheading.kt-adv-heading1248_0815cb-0d, .wp-block-kadence-advancedheading.kt-adv-heading1248_0815cb-0d[data-kb-block=\"kb-adv-heading1248_0815cb-0d\"]{max-width:600px;font-weight:400;font-style:normal;font-family:Questrial;}.wp-block-kadence-advancedheading.kt-adv-heading1248_0815cb-0d mark.kt-highlight, .wp-block-kadence-advancedheading.kt-adv-heading1248_0815cb-0d[data-kb-block=\"kb-adv-heading1248_0815cb-0d\"] mark.kt-highlight{font-style:normal;color:#f76a0c;-webkit-box-decoration-break:clone;box-decoration-break:clone;padding-top:0px;padding-right:0px;padding-bottom:0px;padding-left:0px;}<\/style>\n<p class=\"kt-adv-heading1248_0815cb-0d wp-block-kadence-advancedheading\" data-kb-block=\"kb-adv-heading1248_0815cb-0d\">Escorregador em a\u00e7o com pintura eletrost\u00e1tica, garantindo alta durabilidade, resist\u00eancia \u00e0s intemp\u00e9ries e acabamento de qualidade. Estrutura robusta, ideal para uso em \u00e1reas externas.<br><br><strong>Dimens\u00f5es:<\/strong> 3,00 m (comprimento) x 0,80 m (largura)<\/p>\n<\/div>\n<\/div>\n\n\n\n<div style=\"height:150px\" aria-hidden=\"true\" class=\"wp-block-spacer\"><\/div>\n","protected":false},"excerpt":{"rendered":"<p>puro parque playgrounds Escorregador em A\u00e7o Escorregador em a\u00e7o com pintura eletrost\u00e1tica, garantindo alta durabilidade, resist\u00eancia \u00e0s intemp\u00e9ries e acabamento de qualidade. Estrutura robusta, ideal para uso em \u00e1reas externas. Dimens\u00f5es: 3,00 m (comprimento) x 0,80 m (largura)<\/p>\n","protected":false},"author":1,"featured_media":0,"parent":0,"menu_order":0,"comment_status":"closed","ping_status":"closed","template":"","meta":{"_kadence_starter_templates_imported_post":false,"_kad_post_transparent":"","_kad_post_title":"","_kad_post_layout":"","_kad_post_sidebar_id":"","_kad_post_content_style":"","_kad_post_vertical_padding":"","_kad_post_feature":"","_kad_post_feature_position":"","_kad_post_header":false,"_kad_post_footer":false,"footnotes":""},"class_list":["post-1248","page","type-page","status-publish","hentry"],"_links":{"self":[{"href":"https:\/\/puroparques.com.br\/index.php?rest_route=\/wp\/v2\/pages\/1248","targetHints":{"allow":["GET"]}}],"collection":[{"href":"https:\/\/puroparques.com.br\/index.php?rest_route=\/wp\/v2\/pages"}],"about":[{"href":"https:\/\/puroparques.com.br\/index.php?rest_route=\/wp\/v2\/types\/page"}],"author":[{"embeddable":true,"href":"https:\/\/puroparques.com.br\/index.php?rest_route=\/wp\/v2\/users\/1"}],"replies":[{"embeddable":true,"href":"https:\/\/puroparques.com.br\/index.php?rest_route=%2Fwp%2Fv2%2Fcomments&post=1248"}],"version-history":[{"count":3,"href":"https:\/\/puroparques.com.br\/index.php?rest_route=\/wp\/v2\/pages\/1248\/revisions"}],"predecessor-version":[{"id":1381,"href":"https:\/\/puroparques.com.br\/index.php?rest_route=\/wp\/v2\/pages\/1248\/revisions\/1381"}],"wp:attachment":[{"href":"https:\/\/puroparques.com.br\/index.php?rest_route=%2Fwp%2Fv2%2Fmedia&parent=1248"}],"curies":[{"name":"wp","href":"https:\/\/api.w.org\/{rel}","templated":true}]}}