{"id":1253,"date":"2025-07-07T18:30:57","date_gmt":"2025-07-07T18:30:57","guid":{"rendered":"https:\/\/puroparques.com.br\/?page_id=1253"},"modified":"2025-07-08T22:18:57","modified_gmt":"2025-07-08T22:18:57","slug":"figuras-em-eucalipto-carrinho","status":"publish","type":"page","link":"https:\/\/puroparques.com.br\/?page_id=1253","title":{"rendered":"Figuras em eucalipto &#8211; jip\u00e3o"},"content":{"rendered":"<style>.wp-block-kadence-advancedheading.kt-adv-heading1253_a71cf8-9d, .wp-block-kadence-advancedheading.kt-adv-heading1253_a71cf8-9d[data-kb-block=\"kb-adv-heading1253_a71cf8-9d\"]{padding-top:var(--global-kb-spacing-md, 2rem);padding-bottom:var(--global-kb-spacing-lg, 3rem);text-align:center;font-size:var(--global-kb-font-size-md, 1.25rem);font-weight:500;font-style:normal;font-family:Fredoka;text-transform:uppercase;text-shadow:2px 2px 1px rgba(0, 0, 0, 0.2);}.wp-block-kadence-advancedheading.kt-adv-heading1253_a71cf8-9d mark.kt-highlight, .wp-block-kadence-advancedheading.kt-adv-heading1253_a71cf8-9d[data-kb-block=\"kb-adv-heading1253_a71cf8-9d\"] mark.kt-highlight{font-style:normal;color:#f76a0c;-webkit-box-decoration-break:clone;box-decoration-break:clone;padding-top:0px;padding-right:0px;padding-bottom:0px;padding-left:0px;}@media all and (max-width: 1024px){.wp-block-kadence-advancedheading.kt-adv-heading1253_a71cf8-9d, .wp-block-kadence-advancedheading.kt-adv-heading1253_a71cf8-9d[data-kb-block=\"kb-adv-heading1253_a71cf8-9d\"]{text-shadow:2px 2px 1px rgba(0, 0, 0, 0.2);}}@media all and (max-width: 767px){.wp-block-kadence-advancedheading.kt-adv-heading1253_a71cf8-9d, .wp-block-kadence-advancedheading.kt-adv-heading1253_a71cf8-9d[data-kb-block=\"kb-adv-heading1253_a71cf8-9d\"]{text-shadow:2px 2px 1px rgba(0, 0, 0, 0.2);}}<\/style>\n<p class=\"kt-adv-heading1253_a71cf8-9d wp-block-kadence-advancedheading has-theme-palette-1-color has-text-color\" data-kb-block=\"kb-adv-heading1253_a71cf8-9d\">puro parques playgrounds<\/p>\n\n\n\n<div class=\"wp-block-columns is-layout-flex wp-container-core-columns-is-layout-9d6595d7 wp-block-columns-is-layout-flex\">\n<div class=\"wp-block-column is-layout-flow wp-block-column-is-layout-flow\"><style>.wp-block-kadence-advancedgallery.kb-gallery-wrap-id-1253_92a1c2-aa{margin-left:var(--global-kb-spacing-xl, 4rem);padding-left:0px;}.kb-gallery-id-1253_92a1c2-aa .kadence-blocks-gallery-item .kb-gal-image-radius, .kb-gallery-id-1253_92a1c2-aa .kb-slide-item .kb-gal-image-radius img{border-radius:0px 0px 0px 0px;;}.kb-gallery-wrap-id-1253_92a1c2-aa.wp-block-kadence-advancedgallery{overflow:visible;}.kb-gallery-wrap-id-1253_92a1c2-aa.wp-block-kadence-advancedgallery .kt-blocks-carousel{overflow:visible;}<\/style><div class=\"kb-gallery-wrap-id-1253_92a1c2-aa alignnone wp-block-kadence-advancedgallery\"><div class=\"kb-gallery-ul kb-gallery-non-static kb-gallery-type-slider kb-gallery-id-1253_92a1c2-aa kb-gallery-caption-style-bottom-hover kb-gallery-filter-none\" data-image-filter=\"none\" data-lightbox-caption=\"true\"><div class=\"kt-blocks-carousel kt-carousel-container-dotstyle-dark\"><div class=\"kt-blocks-carousel-init kb-blocks-slider kt-carousel-arrowstyle-whiteondark kt-carousel-dotstyle-dark kb-slider-group-arrow kb-slider-arrow-position-center\" data-slider-anim-speed=\"400\" data-slider-scroll=\"1\" data-slider-arrows=\"true\" data-slider-fade=\"true\" data-slider-dots=\"true\"data-slider-type=\"slider\"  data-slider-hover-pause=\"false\" data-slider-auto=\"\" data-slider-speed=\"7000\" data-show-pause-button=\"false\"><li class=\"kb-slide-item kb-gallery-slide-item\"><div class=\"kadence-blocks-gallery-item\"><div class=\"kadence-blocks-gallery-item-inner\"><figure class=\"kb-gallery-figure kadence-blocks-gallery-item-hide-caption\"><div class=\"kb-gal-image-radius\"><div class=\"kb-gallery-image-contain kadence-blocks-gallery-intrinsic kb-gallery-image-ratio-inherit kb-has-image-ratio-inherit\" ><img loading=\"lazy\" decoding=\"async\" src=\"https:\/\/puroparques.com.br\/wp-content\/uploads\/2025\/07\/IMG-20250708-WA0029-768x1024.jpg\" width=\"768\" height=\"1024\" alt=\"\" data-full-image=\"https:\/\/puroparques.com.br\/wp-content\/uploads\/2025\/07\/IMG-20250708-WA0029.jpg\" data-light-image=\"https:\/\/puroparques.com.br\/wp-content\/uploads\/2025\/07\/IMG-20250708-WA0029.jpg\" data-id=\"1544\" class=\"wp-image-1544 skip-lazy\" srcset=\"https:\/\/puroparques.com.br\/wp-content\/uploads\/2025\/07\/IMG-20250708-WA0029-768x1024.jpg 768w, https:\/\/puroparques.com.br\/wp-content\/uploads\/2025\/07\/IMG-20250708-WA0029-225x300.jpg 225w, https:\/\/puroparques.com.br\/wp-content\/uploads\/2025\/07\/IMG-20250708-WA0029.jpg 960w\" sizes=\"auto, (max-width: 768px) 100vw, 768px\" \/><\/div><\/div><\/figure><\/div><\/div><\/li><li class=\"kb-slide-item kb-gallery-slide-item\"><div class=\"kadence-blocks-gallery-item\"><div class=\"kadence-blocks-gallery-item-inner\"><figure class=\"kb-gallery-figure kadence-blocks-gallery-item-hide-caption\"><div class=\"kb-gal-image-radius\"><div class=\"kb-gallery-image-contain kadence-blocks-gallery-intrinsic kb-gallery-image-ratio-inherit kb-has-image-ratio-inherit\" ><img loading=\"lazy\" decoding=\"async\" src=\"https:\/\/puroparques.com.br\/wp-content\/uploads\/2025\/07\/IMG-20250708-WA0024-1024x768.jpg\" width=\"1024\" height=\"768\" alt=\"\" data-full-image=\"https:\/\/puroparques.com.br\/wp-content\/uploads\/2025\/07\/IMG-20250708-WA0024.jpg\" data-light-image=\"https:\/\/puroparques.com.br\/wp-content\/uploads\/2025\/07\/IMG-20250708-WA0024.jpg\" data-id=\"1545\" class=\"wp-image-1545 skip-lazy\" srcset=\"https:\/\/puroparques.com.br\/wp-content\/uploads\/2025\/07\/IMG-20250708-WA0024-1024x768.jpg 1024w, https:\/\/puroparques.com.br\/wp-content\/uploads\/2025\/07\/IMG-20250708-WA0024-300x225.jpg 300w, https:\/\/puroparques.com.br\/wp-content\/uploads\/2025\/07\/IMG-20250708-WA0024-768x576.jpg 768w, https:\/\/puroparques.com.br\/wp-content\/uploads\/2025\/07\/IMG-20250708-WA0024.jpg 1280w\" sizes=\"auto, (max-width: 1024px) 100vw, 1024px\" \/><\/div><\/div><\/figure><\/div><\/div><\/li><li class=\"kb-slide-item kb-gallery-slide-item\"><div class=\"kadence-blocks-gallery-item\"><div class=\"kadence-blocks-gallery-item-inner\"><figure class=\"kb-gallery-figure kadence-blocks-gallery-item-hide-caption\"><div class=\"kb-gal-image-radius\"><div class=\"kb-gallery-image-contain kadence-blocks-gallery-intrinsic kb-gallery-image-ratio-inherit kb-has-image-ratio-inherit\" ><img loading=\"lazy\" decoding=\"async\" src=\"https:\/\/puroparques.com.br\/wp-content\/uploads\/2025\/07\/IMG-20250708-WA0025-768x1024.jpg\" width=\"768\" height=\"1024\" alt=\"\" data-full-image=\"https:\/\/puroparques.com.br\/wp-content\/uploads\/2025\/07\/IMG-20250708-WA0025.jpg\" data-light-image=\"https:\/\/puroparques.com.br\/wp-content\/uploads\/2025\/07\/IMG-20250708-WA0025.jpg\" data-id=\"1546\" class=\"wp-image-1546 skip-lazy\" srcset=\"https:\/\/puroparques.com.br\/wp-content\/uploads\/2025\/07\/IMG-20250708-WA0025-768x1024.jpg 768w, https:\/\/puroparques.com.br\/wp-content\/uploads\/2025\/07\/IMG-20250708-WA0025-225x300.jpg 225w, https:\/\/puroparques.com.br\/wp-content\/uploads\/2025\/07\/IMG-20250708-WA0025.jpg 960w\" sizes=\"auto, (max-width: 768px) 100vw, 768px\" \/><\/div><\/div><\/figure><\/div><\/div><\/li><\/div><\/div><\/div><\/div><\/div>\n\n\n\n<div class=\"wp-block-column is-layout-flow wp-block-column-is-layout-flow\"><style>.wp-block-kadence-advancedheading.kt-adv-heading1253_f87412-2b, .wp-block-kadence-advancedheading.kt-adv-heading1253_f87412-2b[data-kb-block=\"kb-adv-heading1253_f87412-2b\"]{font-weight:500;font-style:normal;font-family:Fredoka;}.wp-block-kadence-advancedheading.kt-adv-heading1253_f87412-2b mark.kt-highlight, .wp-block-kadence-advancedheading.kt-adv-heading1253_f87412-2b[data-kb-block=\"kb-adv-heading1253_f87412-2b\"] mark.kt-highlight{font-style:normal;color:#f76a0c;-webkit-box-decoration-break:clone;box-decoration-break:clone;padding-top:0px;padding-right:0px;padding-bottom:0px;padding-left:0px;}<\/style>\n<h2 class=\"kt-adv-heading1253_f87412-2b wp-block-kadence-advancedheading has-theme-palette-1-color has-text-color\" data-kb-block=\"kb-adv-heading1253_f87412-2b\">jip\u00e3o<\/h2>\n\n\n<style>.wp-block-kadence-advancedheading.kt-adv-heading1253_1a96e7-cc, .wp-block-kadence-advancedheading.kt-adv-heading1253_1a96e7-cc[data-kb-block=\"kb-adv-heading1253_1a96e7-cc\"]{max-width:600px;font-weight:400;font-style:normal;font-family:Questrial;}.wp-block-kadence-advancedheading.kt-adv-heading1253_1a96e7-cc mark.kt-highlight, .wp-block-kadence-advancedheading.kt-adv-heading1253_1a96e7-cc[data-kb-block=\"kb-adv-heading1253_1a96e7-cc\"] mark.kt-highlight{font-style:normal;color:#f76a0c;-webkit-box-decoration-break:clone;box-decoration-break:clone;padding-top:0px;padding-right:0px;padding-bottom:0px;padding-left:0px;}<\/style>\n<p class=\"kt-adv-heading1253_1a96e7-cc wp-block-kadence-advancedheading\" data-kb-block=\"kb-adv-heading1253_1a96e7-cc\">Figura decorativa em formato de jipe, esculpida em tronco de eucalipto tratado em autoclave. Pe\u00e7a r\u00fastica e resistente, ideal para composi\u00e7\u00f5es em \u00e1reas externas como parquinhos, jardins e espa\u00e7os tem\u00e1ticos.<br><br><strong>Dimens\u00f5es:<\/strong> 2,20m (comprimento) x 1,80m (largura)<\/p>\n<\/div>\n<\/div>\n\n\n\n<div style=\"height:150px\" aria-hidden=\"true\" class=\"wp-block-spacer\"><\/div>\n\n\n\n<p><\/p>\n","protected":false},"excerpt":{"rendered":"<p>puro parques playgrounds jip\u00e3o Figura decorativa em formato de jipe, esculpida em tronco de eucalipto tratado em autoclave. Pe\u00e7a r\u00fastica e resistente, ideal para composi\u00e7\u00f5es em \u00e1reas externas como parquinhos, jardins e espa\u00e7os tem\u00e1ticos. Dimens\u00f5es: 2,20m (comprimento) x 1,80m (largura)<\/p>\n","protected":false},"author":1,"featured_media":0,"parent":0,"menu_order":0,"comment_status":"closed","ping_status":"closed","template":"","meta":{"_kadence_starter_templates_imported_post":false,"_kad_post_transparent":"","_kad_post_title":"","_kad_post_layout":"","_kad_post_sidebar_id":"","_kad_post_content_style":"","_kad_post_vertical_padding":"","_kad_post_feature":"","_kad_post_feature_position":"","_kad_post_header":false,"_kad_post_footer":false,"footnotes":""},"class_list":["post-1253","page","type-page","status-publish","hentry"],"_links":{"self":[{"href":"https:\/\/puroparques.com.br\/index.php?rest_route=\/wp\/v2\/pages\/1253","targetHints":{"allow":["GET"]}}],"collection":[{"href":"https:\/\/puroparques.com.br\/index.php?rest_route=\/wp\/v2\/pages"}],"about":[{"href":"https:\/\/puroparques.com.br\/index.php?rest_route=\/wp\/v2\/types\/page"}],"author":[{"embeddable":true,"href":"https:\/\/puroparques.com.br\/index.php?rest_route=\/wp\/v2\/users\/1"}],"replies":[{"embeddable":true,"href":"https:\/\/puroparques.com.br\/index.php?rest_route=%2Fwp%2Fv2%2Fcomments&post=1253"}],"version-history":[{"count":6,"href":"https:\/\/puroparques.com.br\/index.php?rest_route=\/wp\/v2\/pages\/1253\/revisions"}],"predecessor-version":[{"id":1552,"href":"https:\/\/puroparques.com.br\/index.php?rest_route=\/wp\/v2\/pages\/1253\/revisions\/1552"}],"wp:attachment":[{"href":"https:\/\/puroparques.com.br\/index.php?rest_route=%2Fwp%2Fv2%2Fmedia&parent=1253"}],"curies":[{"name":"wp","href":"https:\/\/api.w.org\/{rel}","templated":true}]}}