{"id":1273,"date":"2025-07-07T18:54:29","date_gmt":"2025-07-07T18:54:29","guid":{"rendered":"https:\/\/puroparques.com.br\/?page_id=1273"},"modified":"2025-07-08T20:47:25","modified_gmt":"2025-07-08T20:47:25","slug":"pictograma","status":"publish","type":"page","link":"https:\/\/puroparques.com.br\/?page_id=1273","title":{"rendered":"Pictograma"},"content":{"rendered":"<style>.wp-block-kadence-advancedheading.kt-adv-heading1273_ba1e88-3a, .wp-block-kadence-advancedheading.kt-adv-heading1273_ba1e88-3a[data-kb-block=\"kb-adv-heading1273_ba1e88-3a\"]{padding-top:var(--global-kb-spacing-md, 2rem);padding-bottom:var(--global-kb-spacing-lg, 3rem);text-align:center;font-size:var(--global-kb-font-size-md, 1.25rem);font-weight:500;font-style:normal;font-family:Fredoka;text-transform:uppercase;text-shadow:2px 2px 1px rgba(0, 0, 0, 0.2);}.wp-block-kadence-advancedheading.kt-adv-heading1273_ba1e88-3a mark.kt-highlight, .wp-block-kadence-advancedheading.kt-adv-heading1273_ba1e88-3a[data-kb-block=\"kb-adv-heading1273_ba1e88-3a\"] mark.kt-highlight{font-style:normal;color:#f76a0c;-webkit-box-decoration-break:clone;box-decoration-break:clone;padding-top:0px;padding-right:0px;padding-bottom:0px;padding-left:0px;}@media all and (max-width: 1024px){.wp-block-kadence-advancedheading.kt-adv-heading1273_ba1e88-3a, .wp-block-kadence-advancedheading.kt-adv-heading1273_ba1e88-3a[data-kb-block=\"kb-adv-heading1273_ba1e88-3a\"]{text-shadow:2px 2px 1px rgba(0, 0, 0, 0.2);}}@media all and (max-width: 767px){.wp-block-kadence-advancedheading.kt-adv-heading1273_ba1e88-3a, .wp-block-kadence-advancedheading.kt-adv-heading1273_ba1e88-3a[data-kb-block=\"kb-adv-heading1273_ba1e88-3a\"]{text-shadow:2px 2px 1px rgba(0, 0, 0, 0.2);}}<\/style>\n<p class=\"kt-adv-heading1273_ba1e88-3a wp-block-kadence-advancedheading has-theme-palette-1-color has-text-color\" data-kb-block=\"kb-adv-heading1273_ba1e88-3a\">puro parques playgrounds<\/p>\n\n\n\n<div class=\"wp-block-columns is-layout-flex wp-container-core-columns-is-layout-9d6595d7 wp-block-columns-is-layout-flex\">\n<div class=\"wp-block-column is-layout-flow wp-block-column-is-layout-flow\"><style>.wp-block-kadence-advancedgallery.kb-gallery-wrap-id-1273_5292ee-13{margin-left:var(--global-kb-spacing-xl, 4rem);padding-left:0px;}.kb-gallery-id-1273_5292ee-13 .kadence-blocks-gallery-item .kb-gal-image-radius, .kb-gallery-id-1273_5292ee-13 .kb-slide-item .kb-gal-image-radius img{border-radius:0px 0px 0px 0px;;}.kb-gallery-wrap-id-1273_5292ee-13.wp-block-kadence-advancedgallery{overflow:visible;}.kb-gallery-wrap-id-1273_5292ee-13.wp-block-kadence-advancedgallery .kt-blocks-carousel{overflow:visible;}<\/style><div class=\"kb-gallery-wrap-id-1273_5292ee-13 alignnone wp-block-kadence-advancedgallery\"><div class=\"kb-gallery-ul kb-gallery-non-static kb-gallery-type-slider kb-gallery-id-1273_5292ee-13 kb-gallery-caption-style-bottom-hover kb-gallery-filter-none\" data-image-filter=\"none\" data-lightbox-caption=\"true\"><div class=\"kt-blocks-carousel kt-carousel-container-dotstyle-dark\"><div class=\"kt-blocks-carousel-init kb-blocks-slider kt-carousel-arrowstyle-none kt-carousel-dotstyle-dark kb-slider-group-arrow kb-slider-arrow-position-center\" data-slider-anim-speed=\"400\" data-slider-scroll=\"1\" data-slider-arrows=\"false\" data-slider-fade=\"true\" data-slider-dots=\"true\"data-slider-type=\"slider\"  data-slider-hover-pause=\"false\" data-slider-auto=\"\" data-slider-speed=\"7000\" data-show-pause-button=\"false\"><li class=\"kb-slide-item kb-gallery-slide-item\"><div class=\"kadence-blocks-gallery-item\"><div class=\"kadence-blocks-gallery-item-inner\"><figure class=\"kb-gallery-figure kadence-blocks-gallery-item-hide-caption\"><div class=\"kb-gal-image-radius\"><div class=\"kb-gallery-image-contain kadence-blocks-gallery-intrinsic kb-gallery-image-ratio-inherit kb-has-image-ratio-inherit\" ><img loading=\"lazy\" decoding=\"async\" src=\"https:\/\/puroparques.com.br\/wp-content\/uploads\/2025\/07\/p-1-768x1024.jpg\" width=\"768\" height=\"1024\" alt=\"\" data-full-image=\"https:\/\/puroparques.com.br\/wp-content\/uploads\/2025\/07\/p-1.jpg\" data-light-image=\"https:\/\/puroparques.com.br\/wp-content\/uploads\/2025\/07\/p-1.jpg\" data-id=\"1003\" class=\"wp-image-1003 skip-lazy\" srcset=\"https:\/\/puroparques.com.br\/wp-content\/uploads\/2025\/07\/p-1-768x1024.jpg 768w, https:\/\/puroparques.com.br\/wp-content\/uploads\/2025\/07\/p-1-225x300.jpg 225w, https:\/\/puroparques.com.br\/wp-content\/uploads\/2025\/07\/p-1.jpg 810w\" sizes=\"auto, (max-width: 768px) 100vw, 768px\" \/><\/div><\/div><\/figure><\/div><\/div><\/li><\/div><\/div><\/div><\/div><\/div>\n\n\n\n<div class=\"wp-block-column is-layout-flow wp-block-column-is-layout-flow\"><style>.wp-block-kadence-advancedheading.kt-adv-heading1273_2be5c1-62, .wp-block-kadence-advancedheading.kt-adv-heading1273_2be5c1-62[data-kb-block=\"kb-adv-heading1273_2be5c1-62\"]{font-weight:500;font-style:normal;font-family:Fredoka;}.wp-block-kadence-advancedheading.kt-adv-heading1273_2be5c1-62 mark.kt-highlight, .wp-block-kadence-advancedheading.kt-adv-heading1273_2be5c1-62[data-kb-block=\"kb-adv-heading1273_2be5c1-62\"] mark.kt-highlight{font-style:normal;color:#f76a0c;-webkit-box-decoration-break:clone;box-decoration-break:clone;padding-top:0px;padding-right:0px;padding-bottom:0px;padding-left:0px;}<\/style>\n<h2 class=\"kt-adv-heading1273_2be5c1-62 wp-block-kadence-advancedheading has-theme-palette-1-color has-text-color\" data-kb-block=\"kb-adv-heading1273_2be5c1-62\">Pictograma<\/h2>\n\n\n<style>.wp-block-kadence-advancedheading.kt-adv-heading1273_18cd81-72, .wp-block-kadence-advancedheading.kt-adv-heading1273_18cd81-72[data-kb-block=\"kb-adv-heading1273_18cd81-72\"]{max-width:600px;font-weight:400;font-style:normal;font-family:Questrial;}.wp-block-kadence-advancedheading.kt-adv-heading1273_18cd81-72 mark.kt-highlight, .wp-block-kadence-advancedheading.kt-adv-heading1273_18cd81-72[data-kb-block=\"kb-adv-heading1273_18cd81-72\"] mark.kt-highlight{font-style:normal;color:#f76a0c;-webkit-box-decoration-break:clone;box-decoration-break:clone;padding-top:0px;padding-right:0px;padding-bottom:0px;padding-left:0px;}<\/style>\n<p class=\"kt-adv-heading1273_18cd81-72 wp-block-kadence-advancedheading\" data-kb-block=\"kb-adv-heading1273_18cd81-72\">Pictograma com placas acr\u00edlicas, estrutura em a\u00e7o com pintura eletrost\u00e1tica e blocos girat\u00f3rios de madeira colorida. Ideal para \u00e1reas externas, promove intera\u00e7\u00e3o e desenvolvimento cognitivo de forma l\u00fadica.<br><br><strong>Dimens\u00f5es:<\/strong> 1m (largura) x 1,20(altura) x 15cm (profundidade)<\/p>\n<\/div>\n<\/div>\n\n\n\n<div style=\"height:150px\" aria-hidden=\"true\" class=\"wp-block-spacer\"><\/div>\n","protected":false},"excerpt":{"rendered":"<p>puro parques playgrounds Pictograma Pictograma com placas acr\u00edlicas, estrutura em a\u00e7o com pintura eletrost\u00e1tica e blocos girat\u00f3rios de madeira colorida. Ideal para \u00e1reas externas, promove intera\u00e7\u00e3o e desenvolvimento cognitivo de forma l\u00fadica. Dimens\u00f5es: 1m (largura) x 1,20(altura) x 15cm (profundidade)<\/p>\n","protected":false},"author":1,"featured_media":0,"parent":0,"menu_order":0,"comment_status":"closed","ping_status":"closed","template":"","meta":{"_kadence_starter_templates_imported_post":false,"_kad_post_transparent":"","_kad_post_title":"","_kad_post_layout":"","_kad_post_sidebar_id":"","_kad_post_content_style":"","_kad_post_vertical_padding":"","_kad_post_feature":"","_kad_post_feature_position":"","_kad_post_header":false,"_kad_post_footer":false,"footnotes":""},"class_list":["post-1273","page","type-page","status-publish","hentry"],"_links":{"self":[{"href":"https:\/\/puroparques.com.br\/index.php?rest_route=\/wp\/v2\/pages\/1273","targetHints":{"allow":["GET"]}}],"collection":[{"href":"https:\/\/puroparques.com.br\/index.php?rest_route=\/wp\/v2\/pages"}],"about":[{"href":"https:\/\/puroparques.com.br\/index.php?rest_route=\/wp\/v2\/types\/page"}],"author":[{"embeddable":true,"href":"https:\/\/puroparques.com.br\/index.php?rest_route=\/wp\/v2\/users\/1"}],"replies":[{"embeddable":true,"href":"https:\/\/puroparques.com.br\/index.php?rest_route=%2Fwp%2Fv2%2Fcomments&post=1273"}],"version-history":[{"count":3,"href":"https:\/\/puroparques.com.br\/index.php?rest_route=\/wp\/v2\/pages\/1273\/revisions"}],"predecessor-version":[{"id":1479,"href":"https:\/\/puroparques.com.br\/index.php?rest_route=\/wp\/v2\/pages\/1273\/revisions\/1479"}],"wp:attachment":[{"href":"https:\/\/puroparques.com.br\/index.php?rest_route=%2Fwp%2Fv2%2Fmedia&parent=1273"}],"curies":[{"name":"wp","href":"https:\/\/api.w.org\/{rel}","templated":true}]}}