{"id":1294,"date":"2025-07-07T21:47:28","date_gmt":"2025-07-07T21:47:28","guid":{"rendered":"https:\/\/puroparques.com.br\/?page_id=1294"},"modified":"2025-07-15T15:21:31","modified_gmt":"2025-07-15T18:21:31","slug":"banco-lapis","status":"publish","type":"page","link":"https:\/\/puroparques.com.br\/?page_id=1294","title":{"rendered":"Banco L\u00e1pis"},"content":{"rendered":"<style>.wp-block-kadence-advancedheading.kt-adv-heading1294_d96c00-8f, .wp-block-kadence-advancedheading.kt-adv-heading1294_d96c00-8f[data-kb-block=\"kb-adv-heading1294_d96c00-8f\"]{padding-top:var(--global-kb-spacing-lg, 3rem);padding-bottom:var(--global-kb-spacing-xl, 4rem);text-align:center;font-size:var(--global-kb-font-size-md, 1.25rem);font-weight:500;font-style:normal;font-family:Fredoka;text-transform:uppercase;text-shadow:2px 2px 1px rgba(0, 0, 0, 0.2);}.wp-block-kadence-advancedheading.kt-adv-heading1294_d96c00-8f mark.kt-highlight, .wp-block-kadence-advancedheading.kt-adv-heading1294_d96c00-8f[data-kb-block=\"kb-adv-heading1294_d96c00-8f\"] mark.kt-highlight{font-style:normal;color:#f76a0c;-webkit-box-decoration-break:clone;box-decoration-break:clone;padding-top:0px;padding-right:0px;padding-bottom:0px;padding-left:0px;}@media all and (max-width: 1024px){.wp-block-kadence-advancedheading.kt-adv-heading1294_d96c00-8f, .wp-block-kadence-advancedheading.kt-adv-heading1294_d96c00-8f[data-kb-block=\"kb-adv-heading1294_d96c00-8f\"]{text-shadow:2px 2px 1px rgba(0, 0, 0, 0.2);}}@media all and (max-width: 767px){.wp-block-kadence-advancedheading.kt-adv-heading1294_d96c00-8f, .wp-block-kadence-advancedheading.kt-adv-heading1294_d96c00-8f[data-kb-block=\"kb-adv-heading1294_d96c00-8f\"]{text-shadow:2px 2px 1px rgba(0, 0, 0, 0.2);}}<\/style>\n<h2 class=\"kt-adv-heading1294_d96c00-8f wp-block-kadence-advancedheading has-theme-palette-1-color has-text-color\" data-kb-block=\"kb-adv-heading1294_d96c00-8f\">puro parques playgrounds<\/h2>\n\n\n\n<div class=\"wp-block-columns is-layout-flex wp-container-core-columns-is-layout-9d6595d7 wp-block-columns-is-layout-flex\">\n<div class=\"wp-block-column is-layout-flow wp-block-column-is-layout-flow\"><style>.wp-block-kadence-advancedgallery.kb-gallery-wrap-id-1294_41c962-bf{margin-left:var(--global-kb-spacing-xl, 4rem);padding-left:0px;}.kb-gallery-id-1294_41c962-bf .kadence-blocks-gallery-item .kb-gal-image-radius, .kb-gallery-id-1294_41c962-bf .kb-slide-item .kb-gal-image-radius img{border-radius:0px 0px 0px 0px;;}.kb-gallery-wrap-id-1294_41c962-bf.wp-block-kadence-advancedgallery{overflow:visible;}.kb-gallery-wrap-id-1294_41c962-bf.wp-block-kadence-advancedgallery .kt-blocks-carousel{overflow:visible;}<\/style><div class=\"kb-gallery-wrap-id-1294_41c962-bf alignnone wp-block-kadence-advancedgallery\"><div class=\"kb-gallery-ul kb-gallery-non-static kb-gallery-type-slider kb-gallery-id-1294_41c962-bf kb-gallery-caption-style-bottom-hover kb-gallery-filter-none\" data-image-filter=\"none\" data-lightbox-caption=\"true\"><div class=\"kt-blocks-carousel kt-carousel-container-dotstyle-dark\"><div class=\"kt-blocks-carousel-init kb-blocks-slider kt-carousel-arrowstyle-whiteondark kt-carousel-dotstyle-dark kb-slider-group-arrow kb-slider-arrow-position-center\" data-slider-anim-speed=\"400\" data-slider-scroll=\"1\" data-slider-arrows=\"true\" data-slider-fade=\"true\" data-slider-dots=\"true\"data-slider-type=\"slider\"  data-slider-hover-pause=\"false\" data-slider-auto=\"\" data-slider-speed=\"7000\" data-show-pause-button=\"false\"><li class=\"kb-slide-item kb-gallery-slide-item\"><div class=\"kadence-blocks-gallery-item\"><div class=\"kadence-blocks-gallery-item-inner\"><figure class=\"kb-gallery-figure kadence-blocks-gallery-item-hide-caption\"><div class=\"kb-gal-image-radius\"><div class=\"kb-gallery-image-contain kadence-blocks-gallery-intrinsic kb-gallery-image-ratio-inherit kb-has-image-ratio-inherit\" ><img loading=\"lazy\" decoding=\"async\" src=\"https:\/\/puroparques.com.br\/wp-content\/uploads\/2025\/07\/20140823_110746-1-1024x768.jpg\" width=\"1024\" height=\"768\" alt=\"\" data-full-image=\"https:\/\/puroparques.com.br\/wp-content\/uploads\/2025\/07\/20140823_110746-1.jpg\" data-light-image=\"https:\/\/puroparques.com.br\/wp-content\/uploads\/2025\/07\/20140823_110746-1.jpg\" data-id=\"1051\" class=\"wp-image-1051 skip-lazy\" srcset=\"https:\/\/puroparques.com.br\/wp-content\/uploads\/2025\/07\/20140823_110746-1-1024x768.jpg 1024w, https:\/\/puroparques.com.br\/wp-content\/uploads\/2025\/07\/20140823_110746-1-300x225.jpg 300w, https:\/\/puroparques.com.br\/wp-content\/uploads\/2025\/07\/20140823_110746-1-768x576.jpg 768w, https:\/\/puroparques.com.br\/wp-content\/uploads\/2025\/07\/20140823_110746-1-1536x1152.jpg 1536w, https:\/\/puroparques.com.br\/wp-content\/uploads\/2025\/07\/20140823_110746-1.jpg 1600w\" sizes=\"auto, (max-width: 1024px) 100vw, 1024px\" \/><\/div><\/div><\/figure><\/div><\/div><\/li><li class=\"kb-slide-item kb-gallery-slide-item\"><div class=\"kadence-blocks-gallery-item\"><div class=\"kadence-blocks-gallery-item-inner\"><figure class=\"kb-gallery-figure kadence-blocks-gallery-item-hide-caption\"><div class=\"kb-gal-image-radius\"><div class=\"kb-gallery-image-contain kadence-blocks-gallery-intrinsic kb-gallery-image-ratio-inherit kb-has-image-ratio-inherit\" ><img loading=\"lazy\" decoding=\"async\" src=\"https:\/\/puroparques.com.br\/wp-content\/uploads\/2025\/07\/20140823_110739-1024x768.jpg\" width=\"1024\" height=\"768\" alt=\"\" data-full-image=\"https:\/\/puroparques.com.br\/wp-content\/uploads\/2025\/07\/20140823_110739.jpg\" data-light-image=\"https:\/\/puroparques.com.br\/wp-content\/uploads\/2025\/07\/20140823_110739.jpg\" data-id=\"1034\" class=\"wp-image-1034 skip-lazy\" srcset=\"https:\/\/puroparques.com.br\/wp-content\/uploads\/2025\/07\/20140823_110739-1024x768.jpg 1024w, https:\/\/puroparques.com.br\/wp-content\/uploads\/2025\/07\/20140823_110739-300x225.jpg 300w, https:\/\/puroparques.com.br\/wp-content\/uploads\/2025\/07\/20140823_110739-768x576.jpg 768w, https:\/\/puroparques.com.br\/wp-content\/uploads\/2025\/07\/20140823_110739-1536x1152.jpg 1536w, https:\/\/puroparques.com.br\/wp-content\/uploads\/2025\/07\/20140823_110739.jpg 1600w\" sizes=\"auto, (max-width: 1024px) 100vw, 1024px\" \/><\/div><\/div><\/figure><\/div><\/div><\/li><li class=\"kb-slide-item kb-gallery-slide-item\"><div class=\"kadence-blocks-gallery-item\"><div class=\"kadence-blocks-gallery-item-inner\"><figure class=\"kb-gallery-figure kadence-blocks-gallery-item-hide-caption\"><div class=\"kb-gal-image-radius\"><div class=\"kb-gallery-image-contain kadence-blocks-gallery-intrinsic kb-gallery-image-ratio-inherit kb-has-image-ratio-inherit\" ><img loading=\"lazy\" decoding=\"async\" src=\"https:\/\/puroparques.com.br\/wp-content\/uploads\/2025\/07\/35345-1024x768.jpg\" width=\"1024\" height=\"768\" alt=\"\" data-full-image=\"https:\/\/puroparques.com.br\/wp-content\/uploads\/2025\/07\/35345.jpg\" data-light-image=\"https:\/\/puroparques.com.br\/wp-content\/uploads\/2025\/07\/35345.jpg\" data-id=\"1033\" class=\"wp-image-1033 skip-lazy\" srcset=\"https:\/\/puroparques.com.br\/wp-content\/uploads\/2025\/07\/35345-1024x768.jpg 1024w, https:\/\/puroparques.com.br\/wp-content\/uploads\/2025\/07\/35345-300x225.jpg 300w, https:\/\/puroparques.com.br\/wp-content\/uploads\/2025\/07\/35345-768x576.jpg 768w, https:\/\/puroparques.com.br\/wp-content\/uploads\/2025\/07\/35345-1536x1152.jpg 1536w, https:\/\/puroparques.com.br\/wp-content\/uploads\/2025\/07\/35345.jpg 1600w\" sizes=\"auto, (max-width: 1024px) 100vw, 1024px\" \/><\/div><\/div><\/figure><\/div><\/div><\/li><li class=\"kb-slide-item kb-gallery-slide-item\"><div class=\"kadence-blocks-gallery-item\"><div class=\"kadence-blocks-gallery-item-inner\"><figure class=\"kb-gallery-figure kadence-blocks-gallery-item-hide-caption\"><div class=\"kb-gal-image-radius\"><div class=\"kb-gallery-image-contain kadence-blocks-gallery-intrinsic kb-gallery-image-ratio-inherit kb-has-image-ratio-inherit\" ><img loading=\"lazy\" decoding=\"async\" src=\"https:\/\/puroparques.com.br\/wp-content\/uploads\/2025\/07\/34125b0a-be36-43a1-9e09-5b04cd00381e-1024x768.jpg\" width=\"1024\" height=\"768\" alt=\"\" data-full-image=\"https:\/\/puroparques.com.br\/wp-content\/uploads\/2025\/07\/34125b0a-be36-43a1-9e09-5b04cd00381e.jpg\" data-light-image=\"https:\/\/puroparques.com.br\/wp-content\/uploads\/2025\/07\/34125b0a-be36-43a1-9e09-5b04cd00381e.jpg\" data-id=\"1032\" class=\"wp-image-1032 skip-lazy\" srcset=\"https:\/\/puroparques.com.br\/wp-content\/uploads\/2025\/07\/34125b0a-be36-43a1-9e09-5b04cd00381e-1024x768.jpg 1024w, https:\/\/puroparques.com.br\/wp-content\/uploads\/2025\/07\/34125b0a-be36-43a1-9e09-5b04cd00381e-300x225.jpg 300w, https:\/\/puroparques.com.br\/wp-content\/uploads\/2025\/07\/34125b0a-be36-43a1-9e09-5b04cd00381e-768x576.jpg 768w, https:\/\/puroparques.com.br\/wp-content\/uploads\/2025\/07\/34125b0a-be36-43a1-9e09-5b04cd00381e.jpg 1280w\" sizes=\"auto, (max-width: 1024px) 100vw, 1024px\" \/><\/div><\/div><\/figure><\/div><\/div><\/li><\/div><\/div><\/div><\/div><\/div>\n\n\n\n<div class=\"wp-block-column is-layout-flow wp-block-column-is-layout-flow\"><style>.wp-block-kadence-advancedheading.kt-adv-heading1294_c61eb2-b8, .wp-block-kadence-advancedheading.kt-adv-heading1294_c61eb2-b8[data-kb-block=\"kb-adv-heading1294_c61eb2-b8\"]{font-weight:500;font-style:normal;font-family:Fredoka;}.wp-block-kadence-advancedheading.kt-adv-heading1294_c61eb2-b8 mark.kt-highlight, .wp-block-kadence-advancedheading.kt-adv-heading1294_c61eb2-b8[data-kb-block=\"kb-adv-heading1294_c61eb2-b8\"] mark.kt-highlight{font-style:normal;color:#f76a0c;-webkit-box-decoration-break:clone;box-decoration-break:clone;padding-top:0px;padding-right:0px;padding-bottom:0px;padding-left:0px;}<\/style>\n<h2 class=\"kt-adv-heading1294_c61eb2-b8 wp-block-kadence-advancedheading has-theme-palette-1-color has-text-color\" data-kb-block=\"kb-adv-heading1294_c61eb2-b8\">Banco L\u00e1pis Infantil<\/h2>\n\n\n<style>.wp-block-kadence-advancedheading.kt-adv-heading1294_602eae-64, .wp-block-kadence-advancedheading.kt-adv-heading1294_602eae-64[data-kb-block=\"kb-adv-heading1294_602eae-64\"]{max-width:600px;font-weight:400;font-style:normal;font-family:Questrial;}.wp-block-kadence-advancedheading.kt-adv-heading1294_602eae-64 mark.kt-highlight, .wp-block-kadence-advancedheading.kt-adv-heading1294_602eae-64[data-kb-block=\"kb-adv-heading1294_602eae-64\"] mark.kt-highlight{font-style:normal;color:#f76a0c;-webkit-box-decoration-break:clone;box-decoration-break:clone;padding-top:0px;padding-right:0px;padding-bottom:0px;padding-left:0px;}<\/style>\n<p class=\"kt-adv-heading1294_602eae-64 wp-block-kadence-advancedheading\" data-kb-block=\"kb-adv-heading1294_602eae-64\">Banco r\u00fastico em tronco de eucalipto tratado em autoclave, com assento em viga de madeira de cedrinho colorido em formato de l\u00e1pis. Design robusto e natural, ideal para \u00e1reas externas como escolas, col\u00e9gios e espa\u00e7os de conviv\u00eancia.<br><br><strong>Cores devem ser solicitadas durante o or\u00e7amento.<\/strong><br><br><strong>Dimens\u00f5es:<\/strong> 1,50 m (comprimento) x 0,45 m (altura)<\/p>\n<\/div>\n<\/div>\n\n\n\n<div style=\"height:150px\" aria-hidden=\"true\" class=\"wp-block-spacer\"><\/div>\n","protected":false},"excerpt":{"rendered":"<p>puro parques playgrounds Banco L\u00e1pis Infantil Banco r\u00fastico em tronco de eucalipto tratado em autoclave, com assento em viga de madeira de cedrinho colorido em formato de l\u00e1pis. Design robusto e natural, ideal para \u00e1reas externas como escolas, col\u00e9gios e espa\u00e7os de conviv\u00eancia. Cores devem ser solicitadas durante o or\u00e7amento. Dimens\u00f5es: 1,50 m (comprimento) x&#8230;<\/p>\n","protected":false},"author":1,"featured_media":0,"parent":0,"menu_order":0,"comment_status":"closed","ping_status":"closed","template":"","meta":{"_kadence_starter_templates_imported_post":false,"_kad_post_transparent":"","_kad_post_title":"","_kad_post_layout":"","_kad_post_sidebar_id":"","_kad_post_content_style":"","_kad_post_vertical_padding":"","_kad_post_feature":"","_kad_post_feature_position":"","_kad_post_header":false,"_kad_post_footer":false,"footnotes":""},"class_list":["post-1294","page","type-page","status-publish","hentry"],"_links":{"self":[{"href":"https:\/\/puroparques.com.br\/index.php?rest_route=\/wp\/v2\/pages\/1294","targetHints":{"allow":["GET"]}}],"collection":[{"href":"https:\/\/puroparques.com.br\/index.php?rest_route=\/wp\/v2\/pages"}],"about":[{"href":"https:\/\/puroparques.com.br\/index.php?rest_route=\/wp\/v2\/types\/page"}],"author":[{"embeddable":true,"href":"https:\/\/puroparques.com.br\/index.php?rest_route=\/wp\/v2\/users\/1"}],"replies":[{"embeddable":true,"href":"https:\/\/puroparques.com.br\/index.php?rest_route=%2Fwp%2Fv2%2Fcomments&post=1294"}],"version-history":[{"count":5,"href":"https:\/\/puroparques.com.br\/index.php?rest_route=\/wp\/v2\/pages\/1294\/revisions"}],"predecessor-version":[{"id":1657,"href":"https:\/\/puroparques.com.br\/index.php?rest_route=\/wp\/v2\/pages\/1294\/revisions\/1657"}],"wp:attachment":[{"href":"https:\/\/puroparques.com.br\/index.php?rest_route=%2Fwp%2Fv2%2Fmedia&parent=1294"}],"curies":[{"name":"wp","href":"https:\/\/api.w.org\/{rel}","templated":true}]}}