{"id":1296,"date":"2025-07-07T21:49:12","date_gmt":"2025-07-07T21:49:12","guid":{"rendered":"https:\/\/puroparques.com.br\/?page_id=1296"},"modified":"2025-07-08T20:51:09","modified_gmt":"2025-07-08T20:51:09","slug":"mesa-eucalipto","status":"publish","type":"page","link":"https:\/\/puroparques.com.br\/?page_id=1296","title":{"rendered":"Mesa em eucalipto"},"content":{"rendered":"<style>.wp-block-kadence-advancedheading.kt-adv-heading1296_e4067c-8c, .wp-block-kadence-advancedheading.kt-adv-heading1296_e4067c-8c[data-kb-block=\"kb-adv-heading1296_e4067c-8c\"]{padding-top:var(--global-kb-spacing-lg, 3rem);padding-bottom:var(--global-kb-spacing-xl, 4rem);text-align:center;font-size:var(--global-kb-font-size-md, 1.25rem);font-weight:500;font-style:normal;font-family:Fredoka;text-transform:uppercase;text-shadow:2px 2px 1px rgba(0, 0, 0, 0.2);}.wp-block-kadence-advancedheading.kt-adv-heading1296_e4067c-8c mark.kt-highlight, .wp-block-kadence-advancedheading.kt-adv-heading1296_e4067c-8c[data-kb-block=\"kb-adv-heading1296_e4067c-8c\"] mark.kt-highlight{font-style:normal;color:#f76a0c;-webkit-box-decoration-break:clone;box-decoration-break:clone;padding-top:0px;padding-right:0px;padding-bottom:0px;padding-left:0px;}@media all and (max-width: 1024px){.wp-block-kadence-advancedheading.kt-adv-heading1296_e4067c-8c, .wp-block-kadence-advancedheading.kt-adv-heading1296_e4067c-8c[data-kb-block=\"kb-adv-heading1296_e4067c-8c\"]{text-shadow:2px 2px 1px rgba(0, 0, 0, 0.2);}}@media all and (max-width: 767px){.wp-block-kadence-advancedheading.kt-adv-heading1296_e4067c-8c, .wp-block-kadence-advancedheading.kt-adv-heading1296_e4067c-8c[data-kb-block=\"kb-adv-heading1296_e4067c-8c\"]{text-shadow:2px 2px 1px rgba(0, 0, 0, 0.2);}}<\/style>\n<h2 class=\"kt-adv-heading1296_e4067c-8c wp-block-kadence-advancedheading has-theme-palette-1-color has-text-color\" data-kb-block=\"kb-adv-heading1296_e4067c-8c\">puro parques playgrounds<\/h2>\n\n\n\n<div class=\"wp-block-columns is-layout-flex wp-container-core-columns-is-layout-9d6595d7 wp-block-columns-is-layout-flex\">\n<div class=\"wp-block-column is-layout-flow wp-block-column-is-layout-flow\"><style>.wp-block-kadence-advancedgallery.kb-gallery-wrap-id-1296_d6328b-a3{margin-left:var(--global-kb-spacing-xl, 4rem);padding-left:0px;}.kb-gallery-id-1296_d6328b-a3 .kadence-blocks-gallery-item .kb-gal-image-radius, .kb-gallery-id-1296_d6328b-a3 .kb-slide-item .kb-gal-image-radius img{border-radius:0px 0px 0px 0px;;}.kb-gallery-wrap-id-1296_d6328b-a3.wp-block-kadence-advancedgallery{overflow:visible;}.kb-gallery-wrap-id-1296_d6328b-a3.wp-block-kadence-advancedgallery .kt-blocks-carousel{overflow:visible;}<\/style><div class=\"kb-gallery-wrap-id-1296_d6328b-a3 alignnone wp-block-kadence-advancedgallery\"><div class=\"kb-gallery-ul kb-gallery-non-static kb-gallery-type-slider kb-gallery-id-1296_d6328b-a3 kb-gallery-caption-style-bottom-hover kb-gallery-filter-none\" data-image-filter=\"none\" data-lightbox-caption=\"true\"><div class=\"kt-blocks-carousel kt-carousel-container-dotstyle-dark\"><div class=\"kt-blocks-carousel-init kb-blocks-slider kt-carousel-arrowstyle-whiteondark kt-carousel-dotstyle-dark kb-slider-group-arrow kb-slider-arrow-position-center\" data-slider-anim-speed=\"400\" data-slider-scroll=\"1\" data-slider-arrows=\"true\" data-slider-fade=\"true\" data-slider-dots=\"true\"data-slider-type=\"slider\"  data-slider-hover-pause=\"false\" data-slider-auto=\"\" data-slider-speed=\"7000\" data-show-pause-button=\"false\"><li class=\"kb-slide-item kb-gallery-slide-item\"><div class=\"kadence-blocks-gallery-item\"><div class=\"kadence-blocks-gallery-item-inner\"><figure class=\"kb-gallery-figure kadence-blocks-gallery-item-hide-caption\"><div class=\"kb-gal-image-radius\"><div class=\"kb-gallery-image-contain kadence-blocks-gallery-intrinsic kb-gallery-image-ratio-inherit kb-has-image-ratio-inherit\" ><img loading=\"lazy\" decoding=\"async\" src=\"https:\/\/puroparques.com.br\/wp-content\/uploads\/2025\/07\/bbe95242-8ceb-487d-8022-020962f7b64d-1024x768.jpg\" width=\"1024\" height=\"768\" alt=\"\" data-full-image=\"https:\/\/puroparques.com.br\/wp-content\/uploads\/2025\/07\/bbe95242-8ceb-487d-8022-020962f7b64d.jpg\" data-light-image=\"https:\/\/puroparques.com.br\/wp-content\/uploads\/2025\/07\/bbe95242-8ceb-487d-8022-020962f7b64d.jpg\" data-id=\"1037\" class=\"wp-image-1037 skip-lazy\" srcset=\"https:\/\/puroparques.com.br\/wp-content\/uploads\/2025\/07\/bbe95242-8ceb-487d-8022-020962f7b64d-1024x768.jpg 1024w, https:\/\/puroparques.com.br\/wp-content\/uploads\/2025\/07\/bbe95242-8ceb-487d-8022-020962f7b64d-300x225.jpg 300w, https:\/\/puroparques.com.br\/wp-content\/uploads\/2025\/07\/bbe95242-8ceb-487d-8022-020962f7b64d-768x576.jpg 768w, https:\/\/puroparques.com.br\/wp-content\/uploads\/2025\/07\/bbe95242-8ceb-487d-8022-020962f7b64d-1536x1152.jpg 1536w, https:\/\/puroparques.com.br\/wp-content\/uploads\/2025\/07\/bbe95242-8ceb-487d-8022-020962f7b64d.jpg 1600w\" sizes=\"auto, (max-width: 1024px) 100vw, 1024px\" \/><\/div><\/div><\/figure><\/div><\/div><\/li><li class=\"kb-slide-item kb-gallery-slide-item\"><div class=\"kadence-blocks-gallery-item\"><div class=\"kadence-blocks-gallery-item-inner\"><figure class=\"kb-gallery-figure kadence-blocks-gallery-item-hide-caption\"><div class=\"kb-gal-image-radius\"><div class=\"kb-gallery-image-contain kadence-blocks-gallery-intrinsic kb-gallery-image-ratio-inherit kb-has-image-ratio-inherit\" ><img loading=\"lazy\" decoding=\"async\" src=\"https:\/\/puroparques.com.br\/wp-content\/uploads\/2025\/07\/mesa.jpg\" width=\"1020\" height=\"807\" alt=\"\" data-full-image=\"https:\/\/puroparques.com.br\/wp-content\/uploads\/2025\/07\/mesa.jpg\" data-light-image=\"https:\/\/puroparques.com.br\/wp-content\/uploads\/2025\/07\/mesa.jpg\" data-id=\"1039\" class=\"wp-image-1039 skip-lazy\" srcset=\"https:\/\/puroparques.com.br\/wp-content\/uploads\/2025\/07\/mesa.jpg 1020w, https:\/\/puroparques.com.br\/wp-content\/uploads\/2025\/07\/mesa-300x237.jpg 300w, https:\/\/puroparques.com.br\/wp-content\/uploads\/2025\/07\/mesa-768x608.jpg 768w\" sizes=\"auto, (max-width: 1020px) 100vw, 1020px\" \/><\/div><\/div><\/figure><\/div><\/div><\/li><\/div><\/div><\/div><\/div><\/div>\n\n\n\n<div class=\"wp-block-column is-layout-flow wp-block-column-is-layout-flow\"><style>.wp-block-kadence-advancedheading.kt-adv-heading1296_741e87-85, .wp-block-kadence-advancedheading.kt-adv-heading1296_741e87-85[data-kb-block=\"kb-adv-heading1296_741e87-85\"]{font-weight:500;font-style:normal;font-family:Fredoka;}.wp-block-kadence-advancedheading.kt-adv-heading1296_741e87-85 mark.kt-highlight, .wp-block-kadence-advancedheading.kt-adv-heading1296_741e87-85[data-kb-block=\"kb-adv-heading1296_741e87-85\"] mark.kt-highlight{font-style:normal;color:#f76a0c;-webkit-box-decoration-break:clone;box-decoration-break:clone;padding-top:0px;padding-right:0px;padding-bottom:0px;padding-left:0px;}<\/style>\n<h2 class=\"kt-adv-heading1296_741e87-85 wp-block-kadence-advancedheading has-theme-palette-1-color has-text-color\" data-kb-block=\"kb-adv-heading1296_741e87-85\">Mesa<\/h2>\n\n\n<style>.wp-block-kadence-advancedheading.kt-adv-heading1296_ed3a6c-c1, .wp-block-kadence-advancedheading.kt-adv-heading1296_ed3a6c-c1[data-kb-block=\"kb-adv-heading1296_ed3a6c-c1\"]{max-width:600px;font-weight:400;font-style:normal;font-family:Questrial;}.wp-block-kadence-advancedheading.kt-adv-heading1296_ed3a6c-c1 mark.kt-highlight, .wp-block-kadence-advancedheading.kt-adv-heading1296_ed3a6c-c1[data-kb-block=\"kb-adv-heading1296_ed3a6c-c1\"] mark.kt-highlight{font-style:normal;color:#f76a0c;-webkit-box-decoration-break:clone;box-decoration-break:clone;padding-top:0px;padding-right:0px;padding-bottom:0px;padding-left:0px;}<\/style>\n<p class=\"kt-adv-heading1296_ed3a6c-c1 wp-block-kadence-advancedheading\" data-kb-block=\"kb-adv-heading1296_ed3a6c-c1\">Mesa em eucalipto tratada em autoclave, com estrutura s\u00f3lida e acabamento natural. Ideal para \u00e1reas externas ou ambientes r\u00fasticos, oferecendo funcionalidade, resist\u00eancia e um toque acolhedor ao espa\u00e7o.<br><br><strong>Dimens\u00f5es:<\/strong> sob medida solicitada durante o or\u00e7amento.<\/p>\n<\/div>\n<\/div>\n\n\n\n<div style=\"height:150px\" aria-hidden=\"true\" class=\"wp-block-spacer\"><\/div>\n","protected":false},"excerpt":{"rendered":"<p>puro parques playgrounds Mesa Mesa em eucalipto tratada em autoclave, com estrutura s\u00f3lida e acabamento natural. Ideal para \u00e1reas externas ou ambientes r\u00fasticos, oferecendo funcionalidade, resist\u00eancia e um toque acolhedor ao espa\u00e7o. Dimens\u00f5es: sob medida solicitada durante o or\u00e7amento.<\/p>\n","protected":false},"author":1,"featured_media":0,"parent":0,"menu_order":0,"comment_status":"closed","ping_status":"closed","template":"","meta":{"_kadence_starter_templates_imported_post":false,"_kad_post_transparent":"","_kad_post_title":"","_kad_post_layout":"","_kad_post_sidebar_id":"","_kad_post_content_style":"","_kad_post_vertical_padding":"","_kad_post_feature":"","_kad_post_feature_position":"","_kad_post_header":false,"_kad_post_footer":false,"footnotes":""},"class_list":["post-1296","page","type-page","status-publish","hentry"],"_links":{"self":[{"href":"https:\/\/puroparques.com.br\/index.php?rest_route=\/wp\/v2\/pages\/1296","targetHints":{"allow":["GET"]}}],"collection":[{"href":"https:\/\/puroparques.com.br\/index.php?rest_route=\/wp\/v2\/pages"}],"about":[{"href":"https:\/\/puroparques.com.br\/index.php?rest_route=\/wp\/v2\/types\/page"}],"author":[{"embeddable":true,"href":"https:\/\/puroparques.com.br\/index.php?rest_route=\/wp\/v2\/users\/1"}],"replies":[{"embeddable":true,"href":"https:\/\/puroparques.com.br\/index.php?rest_route=%2Fwp%2Fv2%2Fcomments&post=1296"}],"version-history":[{"count":4,"href":"https:\/\/puroparques.com.br\/index.php?rest_route=\/wp\/v2\/pages\/1296\/revisions"}],"predecessor-version":[{"id":1484,"href":"https:\/\/puroparques.com.br\/index.php?rest_route=\/wp\/v2\/pages\/1296\/revisions\/1484"}],"wp:attachment":[{"href":"https:\/\/puroparques.com.br\/index.php?rest_route=%2Fwp%2Fv2%2Fmedia&parent=1296"}],"curies":[{"name":"wp","href":"https:\/\/api.w.org\/{rel}","templated":true}]}}