{"id":1304,"date":"2025-07-07T21:55:42","date_gmt":"2025-07-07T21:55:42","guid":{"rendered":"https:\/\/puroparques.com.br\/?page_id=1304"},"modified":"2025-07-08T23:06:50","modified_gmt":"2025-07-08T23:06:50","slug":"redario","status":"publish","type":"page","link":"https:\/\/puroparques.com.br\/?page_id=1304","title":{"rendered":"Red\u00e1rio"},"content":{"rendered":"<style>.wp-block-kadence-advancedheading.kt-adv-heading1304_065707-00, .wp-block-kadence-advancedheading.kt-adv-heading1304_065707-00[data-kb-block=\"kb-adv-heading1304_065707-00\"]{padding-top:var(--global-kb-spacing-lg, 3rem);padding-bottom:var(--global-kb-spacing-xl, 4rem);text-align:center;font-size:var(--global-kb-font-size-md, 1.25rem);font-weight:500;font-style:normal;font-family:Fredoka;text-transform:uppercase;text-shadow:2px 2px 1px rgba(0, 0, 0, 0.2);}.wp-block-kadence-advancedheading.kt-adv-heading1304_065707-00 mark.kt-highlight, .wp-block-kadence-advancedheading.kt-adv-heading1304_065707-00[data-kb-block=\"kb-adv-heading1304_065707-00\"] mark.kt-highlight{font-style:normal;color:#f76a0c;-webkit-box-decoration-break:clone;box-decoration-break:clone;padding-top:0px;padding-right:0px;padding-bottom:0px;padding-left:0px;}@media all and (max-width: 1024px){.wp-block-kadence-advancedheading.kt-adv-heading1304_065707-00, .wp-block-kadence-advancedheading.kt-adv-heading1304_065707-00[data-kb-block=\"kb-adv-heading1304_065707-00\"]{text-shadow:2px 2px 1px rgba(0, 0, 0, 0.2);}}@media all and (max-width: 767px){.wp-block-kadence-advancedheading.kt-adv-heading1304_065707-00, .wp-block-kadence-advancedheading.kt-adv-heading1304_065707-00[data-kb-block=\"kb-adv-heading1304_065707-00\"]{text-shadow:2px 2px 1px rgba(0, 0, 0, 0.2);}}<\/style>\n<h2 class=\"kt-adv-heading1304_065707-00 wp-block-kadence-advancedheading has-theme-palette-1-color has-text-color\" data-kb-block=\"kb-adv-heading1304_065707-00\">puro parques playgrounds<\/h2>\n\n\n\n<div class=\"wp-block-columns is-layout-flex wp-container-core-columns-is-layout-9d6595d7 wp-block-columns-is-layout-flex\">\n<div class=\"wp-block-column is-layout-flow wp-block-column-is-layout-flow\"><style>.wp-block-kadence-advancedgallery.kb-gallery-wrap-id-1304_e65640-0f{margin-left:var(--global-kb-spacing-xl, 4rem);padding-left:0px;}.kb-gallery-id-1304_e65640-0f .kadence-blocks-gallery-item .kb-gal-image-radius, .kb-gallery-id-1304_e65640-0f .kb-slide-item .kb-gal-image-radius img{border-radius:0px 0px 0px 0px;;}.kb-gallery-wrap-id-1304_e65640-0f.wp-block-kadence-advancedgallery{overflow:visible;}.kb-gallery-wrap-id-1304_e65640-0f.wp-block-kadence-advancedgallery .kt-blocks-carousel{overflow:visible;}<\/style><div class=\"kb-gallery-wrap-id-1304_e65640-0f alignnone wp-block-kadence-advancedgallery\"><div class=\"kb-gallery-ul kb-gallery-non-static kb-gallery-type-slider kb-gallery-id-1304_e65640-0f kb-gallery-caption-style-bottom-hover kb-gallery-filter-none\" data-image-filter=\"none\" data-lightbox-caption=\"true\"><div class=\"kt-blocks-carousel kt-carousel-container-dotstyle-dark\"><div class=\"kt-blocks-carousel-init kb-blocks-slider kt-carousel-arrowstyle-whiteondark kt-carousel-dotstyle-dark kb-slider-group-arrow kb-slider-arrow-position-center\" data-slider-anim-speed=\"400\" data-slider-scroll=\"1\" data-slider-arrows=\"true\" data-slider-fade=\"true\" data-slider-dots=\"true\"data-slider-type=\"slider\"  data-slider-hover-pause=\"false\" data-slider-auto=\"\" data-slider-speed=\"7000\" data-show-pause-button=\"false\"><li class=\"kb-slide-item kb-gallery-slide-item\"><div class=\"kadence-blocks-gallery-item\"><div class=\"kadence-blocks-gallery-item-inner\"><figure class=\"kb-gallery-figure kadence-blocks-gallery-item-hide-caption\"><div class=\"kb-gal-image-radius\"><div class=\"kb-gallery-image-contain kadence-blocks-gallery-intrinsic kb-gallery-image-ratio-inherit kb-has-image-ratio-inherit\" ><img loading=\"lazy\" decoding=\"async\" src=\"https:\/\/puroparques.com.br\/wp-content\/uploads\/2025\/07\/WhatsApp-Image-2025-07-08-at-19.36.58_8c028388-2-1024x986.jpg\" width=\"1024\" height=\"986\" alt=\"\" data-full-image=\"https:\/\/puroparques.com.br\/wp-content\/uploads\/2025\/07\/WhatsApp-Image-2025-07-08-at-19.36.58_8c028388-2.jpg\" data-light-image=\"https:\/\/puroparques.com.br\/wp-content\/uploads\/2025\/07\/WhatsApp-Image-2025-07-08-at-19.36.58_8c028388-2.jpg\" data-id=\"1581\" class=\"wp-image-1581 skip-lazy\" srcset=\"https:\/\/puroparques.com.br\/wp-content\/uploads\/2025\/07\/WhatsApp-Image-2025-07-08-at-19.36.58_8c028388-2-1024x986.jpg 1024w, https:\/\/puroparques.com.br\/wp-content\/uploads\/2025\/07\/WhatsApp-Image-2025-07-08-at-19.36.58_8c028388-2-300x289.jpg 300w, https:\/\/puroparques.com.br\/wp-content\/uploads\/2025\/07\/WhatsApp-Image-2025-07-08-at-19.36.58_8c028388-2-768x739.jpg 768w, https:\/\/puroparques.com.br\/wp-content\/uploads\/2025\/07\/WhatsApp-Image-2025-07-08-at-19.36.58_8c028388-2.jpg 1200w\" sizes=\"auto, (max-width: 1024px) 100vw, 1024px\" \/><\/div><\/div><\/figure><\/div><\/div><\/li><li class=\"kb-slide-item kb-gallery-slide-item\"><div class=\"kadence-blocks-gallery-item\"><div class=\"kadence-blocks-gallery-item-inner\"><figure class=\"kb-gallery-figure kadence-blocks-gallery-item-hide-caption\"><div class=\"kb-gal-image-radius\"><div class=\"kb-gallery-image-contain kadence-blocks-gallery-intrinsic kb-gallery-image-ratio-inherit kb-has-image-ratio-inherit\" ><img loading=\"lazy\" decoding=\"async\" src=\"https:\/\/puroparques.com.br\/wp-content\/uploads\/2025\/07\/WhatsApp-Image-2025-07-08-at-19.36.56_aeeab424-768x1024.jpg\" width=\"768\" height=\"1024\" alt=\"\" data-full-image=\"https:\/\/puroparques.com.br\/wp-content\/uploads\/2025\/07\/WhatsApp-Image-2025-07-08-at-19.36.56_aeeab424.jpg\" data-light-image=\"https:\/\/puroparques.com.br\/wp-content\/uploads\/2025\/07\/WhatsApp-Image-2025-07-08-at-19.36.56_aeeab424.jpg\" data-id=\"1582\" class=\"wp-image-1582 skip-lazy\" srcset=\"https:\/\/puroparques.com.br\/wp-content\/uploads\/2025\/07\/WhatsApp-Image-2025-07-08-at-19.36.56_aeeab424-768x1024.jpg 768w, https:\/\/puroparques.com.br\/wp-content\/uploads\/2025\/07\/WhatsApp-Image-2025-07-08-at-19.36.56_aeeab424-225x300.jpg 225w, https:\/\/puroparques.com.br\/wp-content\/uploads\/2025\/07\/WhatsApp-Image-2025-07-08-at-19.36.56_aeeab424-1152x1536.jpg 1152w, https:\/\/puroparques.com.br\/wp-content\/uploads\/2025\/07\/WhatsApp-Image-2025-07-08-at-19.36.56_aeeab424.jpg 1200w\" sizes=\"auto, (max-width: 768px) 100vw, 768px\" \/><\/div><\/div><\/figure><\/div><\/div><\/li><li class=\"kb-slide-item kb-gallery-slide-item\"><div class=\"kadence-blocks-gallery-item\"><div class=\"kadence-blocks-gallery-item-inner\"><figure class=\"kb-gallery-figure kadence-blocks-gallery-item-hide-caption\"><div class=\"kb-gal-image-radius\"><div class=\"kb-gallery-image-contain kadence-blocks-gallery-intrinsic kb-gallery-image-ratio-inherit kb-has-image-ratio-inherit\" ><img loading=\"lazy\" decoding=\"async\" src=\"https:\/\/puroparques.com.br\/wp-content\/uploads\/2025\/07\/WhatsApp-Image-2025-07-08-at-19.36.57_f23830fb-768x1024.jpg\" width=\"768\" height=\"1024\" alt=\"\" data-full-image=\"https:\/\/puroparques.com.br\/wp-content\/uploads\/2025\/07\/WhatsApp-Image-2025-07-08-at-19.36.57_f23830fb.jpg\" data-light-image=\"https:\/\/puroparques.com.br\/wp-content\/uploads\/2025\/07\/WhatsApp-Image-2025-07-08-at-19.36.57_f23830fb.jpg\" data-id=\"1583\" class=\"wp-image-1583 skip-lazy\" srcset=\"https:\/\/puroparques.com.br\/wp-content\/uploads\/2025\/07\/WhatsApp-Image-2025-07-08-at-19.36.57_f23830fb-768x1024.jpg 768w, https:\/\/puroparques.com.br\/wp-content\/uploads\/2025\/07\/WhatsApp-Image-2025-07-08-at-19.36.57_f23830fb-225x300.jpg 225w, https:\/\/puroparques.com.br\/wp-content\/uploads\/2025\/07\/WhatsApp-Image-2025-07-08-at-19.36.57_f23830fb-1152x1536.jpg 1152w, https:\/\/puroparques.com.br\/wp-content\/uploads\/2025\/07\/WhatsApp-Image-2025-07-08-at-19.36.57_f23830fb.jpg 1200w\" sizes=\"auto, (max-width: 768px) 100vw, 768px\" \/><\/div><\/div><\/figure><\/div><\/div><\/li><\/div><\/div><\/div><\/div><\/div>\n\n\n\n<div class=\"wp-block-column is-layout-flow wp-block-column-is-layout-flow\"><style>.wp-block-kadence-advancedheading.kt-adv-heading1304_397d3a-aa, .wp-block-kadence-advancedheading.kt-adv-heading1304_397d3a-aa[data-kb-block=\"kb-adv-heading1304_397d3a-aa\"]{font-weight:500;font-style:normal;font-family:Fredoka;}.wp-block-kadence-advancedheading.kt-adv-heading1304_397d3a-aa mark.kt-highlight, .wp-block-kadence-advancedheading.kt-adv-heading1304_397d3a-aa[data-kb-block=\"kb-adv-heading1304_397d3a-aa\"] mark.kt-highlight{font-style:normal;color:#f76a0c;-webkit-box-decoration-break:clone;box-decoration-break:clone;padding-top:0px;padding-right:0px;padding-bottom:0px;padding-left:0px;}<\/style>\n<h2 class=\"kt-adv-heading1304_397d3a-aa wp-block-kadence-advancedheading has-theme-palette-1-color has-text-color\" data-kb-block=\"kb-adv-heading1304_397d3a-aa\">Red\u00e1rio<\/h2>\n\n\n<style>.wp-block-kadence-advancedheading.kt-adv-heading1304_cd0873-8b, .wp-block-kadence-advancedheading.kt-adv-heading1304_cd0873-8b[data-kb-block=\"kb-adv-heading1304_cd0873-8b\"]{max-width:600px;font-weight:400;font-style:normal;font-family:Questrial;}.wp-block-kadence-advancedheading.kt-adv-heading1304_cd0873-8b mark.kt-highlight, .wp-block-kadence-advancedheading.kt-adv-heading1304_cd0873-8b[data-kb-block=\"kb-adv-heading1304_cd0873-8b\"] mark.kt-highlight{font-style:normal;color:#f76a0c;-webkit-box-decoration-break:clone;box-decoration-break:clone;padding-top:0px;padding-right:0px;padding-bottom:0px;padding-left:0px;}<\/style>\n<p class=\"kt-adv-heading1304_cd0873-8b wp-block-kadence-advancedheading\" data-kb-block=\"kb-adv-heading1304_cd0873-8b\">Red\u00e1rio em tronco de eucalipto tratado em autoclave, com estrutura resistente e acabamento natural, ideal para \u00e1reas externas como jardins, varandas e espa\u00e7os de descanso. <br><br>*<strong>Rede n\u00e3o inclusa.<\/strong><br><br><strong>Dimens\u00f5es:<\/strong> Para adultos, 3m x 30cm <br>Para crian\u00e7as, 1,50m x 30cm<\/p>\n<\/div>\n<\/div>\n\n\n\n<div style=\"height:150px\" aria-hidden=\"true\" class=\"wp-block-spacer\"><\/div>\n","protected":false},"excerpt":{"rendered":"<p>puro parques playgrounds Red\u00e1rio Red\u00e1rio em tronco de eucalipto tratado em autoclave, com estrutura resistente e acabamento natural, ideal para \u00e1reas externas como jardins, varandas e espa\u00e7os de descanso. *Rede n\u00e3o inclusa. Dimens\u00f5es: Para adultos, 3m x 30cm Para crian\u00e7as, 1,50m x 30cm<\/p>\n","protected":false},"author":1,"featured_media":0,"parent":0,"menu_order":0,"comment_status":"closed","ping_status":"closed","template":"","meta":{"_kadence_starter_templates_imported_post":false,"_kad_post_transparent":"","_kad_post_title":"","_kad_post_layout":"","_kad_post_sidebar_id":"","_kad_post_content_style":"","_kad_post_vertical_padding":"","_kad_post_feature":"","_kad_post_feature_position":"","_kad_post_header":false,"_kad_post_footer":false,"footnotes":""},"class_list":["post-1304","page","type-page","status-publish","hentry"],"_links":{"self":[{"href":"https:\/\/puroparques.com.br\/index.php?rest_route=\/wp\/v2\/pages\/1304","targetHints":{"allow":["GET"]}}],"collection":[{"href":"https:\/\/puroparques.com.br\/index.php?rest_route=\/wp\/v2\/pages"}],"about":[{"href":"https:\/\/puroparques.com.br\/index.php?rest_route=\/wp\/v2\/types\/page"}],"author":[{"embeddable":true,"href":"https:\/\/puroparques.com.br\/index.php?rest_route=\/wp\/v2\/users\/1"}],"replies":[{"embeddable":true,"href":"https:\/\/puroparques.com.br\/index.php?rest_route=%2Fwp%2Fv2%2Fcomments&post=1304"}],"version-history":[{"count":4,"href":"https:\/\/puroparques.com.br\/index.php?rest_route=\/wp\/v2\/pages\/1304\/revisions"}],"predecessor-version":[{"id":1584,"href":"https:\/\/puroparques.com.br\/index.php?rest_route=\/wp\/v2\/pages\/1304\/revisions\/1584"}],"wp:attachment":[{"href":"https:\/\/puroparques.com.br\/index.php?rest_route=%2Fwp%2Fv2%2Fmedia&parent=1304"}],"curies":[{"name":"wp","href":"https:\/\/api.w.org\/{rel}","templated":true}]}}