{"id":1307,"date":"2025-07-07T22:02:35","date_gmt":"2025-07-07T22:02:35","guid":{"rendered":"https:\/\/puroparques.com.br\/?page_id=1307"},"modified":"2025-07-08T20:57:56","modified_gmt":"2025-07-08T20:57:56","slug":"casinha-pet","status":"publish","type":"page","link":"https:\/\/puroparques.com.br\/?page_id=1307","title":{"rendered":"Casinha Pet"},"content":{"rendered":"<style>.wp-block-kadence-advancedheading.kt-adv-heading1307_d26474-73, .wp-block-kadence-advancedheading.kt-adv-heading1307_d26474-73[data-kb-block=\"kb-adv-heading1307_d26474-73\"]{padding-top:var(--global-kb-spacing-lg, 3rem);padding-bottom:var(--global-kb-spacing-xl, 4rem);text-align:center;font-size:var(--global-kb-font-size-md, 1.25rem);font-weight:500;font-style:normal;font-family:Fredoka;text-transform:uppercase;text-shadow:2px 2px 1px rgba(0, 0, 0, 0.2);}.wp-block-kadence-advancedheading.kt-adv-heading1307_d26474-73 mark.kt-highlight, .wp-block-kadence-advancedheading.kt-adv-heading1307_d26474-73[data-kb-block=\"kb-adv-heading1307_d26474-73\"] mark.kt-highlight{font-style:normal;color:#f76a0c;-webkit-box-decoration-break:clone;box-decoration-break:clone;padding-top:0px;padding-right:0px;padding-bottom:0px;padding-left:0px;}@media all and (max-width: 1024px){.wp-block-kadence-advancedheading.kt-adv-heading1307_d26474-73, .wp-block-kadence-advancedheading.kt-adv-heading1307_d26474-73[data-kb-block=\"kb-adv-heading1307_d26474-73\"]{text-shadow:2px 2px 1px rgba(0, 0, 0, 0.2);}}@media all and (max-width: 767px){.wp-block-kadence-advancedheading.kt-adv-heading1307_d26474-73, .wp-block-kadence-advancedheading.kt-adv-heading1307_d26474-73[data-kb-block=\"kb-adv-heading1307_d26474-73\"]{text-shadow:2px 2px 1px rgba(0, 0, 0, 0.2);}}<\/style>\n<h2 class=\"kt-adv-heading1307_d26474-73 wp-block-kadence-advancedheading has-theme-palette-1-color has-text-color\" data-kb-block=\"kb-adv-heading1307_d26474-73\">Puro parques playgrounds<\/h2>\n\n\n\n<div class=\"wp-block-columns is-layout-flex wp-container-core-columns-is-layout-9d6595d7 wp-block-columns-is-layout-flex\">\n<div class=\"wp-block-column is-layout-flow wp-block-column-is-layout-flow\"><style>.wp-block-kadence-advancedgallery.kb-gallery-wrap-id-1307_0b866b-e5{margin-left:var(--global-kb-spacing-xl, 4rem);padding-left:0px;}.kb-gallery-id-1307_0b866b-e5 .kadence-blocks-gallery-item .kb-gal-image-radius, .kb-gallery-id-1307_0b866b-e5 .kb-slide-item .kb-gal-image-radius img{border-radius:0px 0px 0px 0px;;}.kb-gallery-wrap-id-1307_0b866b-e5.wp-block-kadence-advancedgallery{overflow:visible;}.kb-gallery-wrap-id-1307_0b866b-e5.wp-block-kadence-advancedgallery .kt-blocks-carousel{overflow:visible;}<\/style><div class=\"kb-gallery-wrap-id-1307_0b866b-e5 alignnone wp-block-kadence-advancedgallery\"><div class=\"kb-gallery-ul kb-gallery-non-static kb-gallery-type-slider kb-gallery-id-1307_0b866b-e5 kb-gallery-caption-style-bottom-hover kb-gallery-filter-none\" data-image-filter=\"none\" data-lightbox-caption=\"true\"><div class=\"kt-blocks-carousel kt-carousel-container-dotstyle-dark\"><div class=\"kt-blocks-carousel-init kb-blocks-slider kt-carousel-arrowstyle-none kt-carousel-dotstyle-dark kb-slider-group-arrow kb-slider-arrow-position-center\" data-slider-anim-speed=\"400\" data-slider-scroll=\"1\" data-slider-arrows=\"false\" data-slider-fade=\"true\" data-slider-dots=\"true\"data-slider-type=\"slider\"  data-slider-hover-pause=\"false\" data-slider-auto=\"\" data-slider-speed=\"7000\" data-show-pause-button=\"false\"><li class=\"kb-slide-item kb-gallery-slide-item\"><div class=\"kadence-blocks-gallery-item\"><div class=\"kadence-blocks-gallery-item-inner\"><figure class=\"kb-gallery-figure kadence-blocks-gallery-item-hide-caption\"><div class=\"kb-gal-image-radius\"><div class=\"kb-gallery-image-contain kadence-blocks-gallery-intrinsic kb-gallery-image-ratio-inherit kb-has-image-ratio-inherit\" ><img loading=\"lazy\" decoding=\"async\" src=\"https:\/\/puroparques.com.br\/wp-content\/uploads\/2025\/07\/96d3d7bf-ae9c-46cb-be96-c155a01f2787-2.jpg\" width=\"828\" height=\"616\" alt=\"\" data-full-image=\"https:\/\/puroparques.com.br\/wp-content\/uploads\/2025\/07\/96d3d7bf-ae9c-46cb-be96-c155a01f2787-2.jpg\" data-light-image=\"https:\/\/puroparques.com.br\/wp-content\/uploads\/2025\/07\/96d3d7bf-ae9c-46cb-be96-c155a01f2787-2.jpg\" data-id=\"1054\" class=\"wp-image-1054 skip-lazy\" srcset=\"https:\/\/puroparques.com.br\/wp-content\/uploads\/2025\/07\/96d3d7bf-ae9c-46cb-be96-c155a01f2787-2.jpg 828w, https:\/\/puroparques.com.br\/wp-content\/uploads\/2025\/07\/96d3d7bf-ae9c-46cb-be96-c155a01f2787-2-300x223.jpg 300w, https:\/\/puroparques.com.br\/wp-content\/uploads\/2025\/07\/96d3d7bf-ae9c-46cb-be96-c155a01f2787-2-768x571.jpg 768w\" sizes=\"auto, (max-width: 828px) 100vw, 828px\" \/><\/div><\/div><\/figure><\/div><\/div><\/li><\/div><\/div><\/div><\/div><\/div>\n\n\n\n<div class=\"wp-block-column is-layout-flow wp-block-column-is-layout-flow\"><style>.wp-block-kadence-advancedheading.kt-adv-heading1307_1fa9d2-6d, .wp-block-kadence-advancedheading.kt-adv-heading1307_1fa9d2-6d[data-kb-block=\"kb-adv-heading1307_1fa9d2-6d\"]{font-weight:500;font-style:normal;font-family:Fredoka;}.wp-block-kadence-advancedheading.kt-adv-heading1307_1fa9d2-6d mark.kt-highlight, .wp-block-kadence-advancedheading.kt-adv-heading1307_1fa9d2-6d[data-kb-block=\"kb-adv-heading1307_1fa9d2-6d\"] mark.kt-highlight{font-style:normal;color:#f76a0c;-webkit-box-decoration-break:clone;box-decoration-break:clone;padding-top:0px;padding-right:0px;padding-bottom:0px;padding-left:0px;}<\/style>\n<h2 class=\"kt-adv-heading1307_1fa9d2-6d wp-block-kadence-advancedheading has-theme-palette-1-color has-text-color\" data-kb-block=\"kb-adv-heading1307_1fa9d2-6d\">Casinha Pet <\/h2>\n\n\n<style>.wp-block-kadence-advancedheading.kt-adv-heading1307_cddea1-10, .wp-block-kadence-advancedheading.kt-adv-heading1307_cddea1-10[data-kb-block=\"kb-adv-heading1307_cddea1-10\"]{max-width:600px;font-weight:400;font-style:normal;font-family:Questrial;}.wp-block-kadence-advancedheading.kt-adv-heading1307_cddea1-10 mark.kt-highlight, .wp-block-kadence-advancedheading.kt-adv-heading1307_cddea1-10[data-kb-block=\"kb-adv-heading1307_cddea1-10\"] mark.kt-highlight{font-style:normal;color:#f76a0c;-webkit-box-decoration-break:clone;box-decoration-break:clone;padding-top:0px;padding-right:0px;padding-bottom:0px;padding-left:0px;}<\/style>\n<p class=\"kt-adv-heading1307_cddea1-10 wp-block-kadence-advancedheading\" data-kb-block=\"kb-adv-heading1307_cddea1-10\">Dois m\u00f3dulos de 1m x 1m cada. Estrutura fabricada em madeira de eucalipto tratado em autoclave, oferecendo resist\u00eancia \u00e0 umidade, insetos e varia\u00e7\u00f5es clim\u00e1ticas, garantindo longa durabilidade mesmo em \u00e1reas externas.<br><br><strong>Dimens\u00f5es<\/strong>: 5,00 m (comprimento) x 2,50 m (largura)<\/p>\n<\/div>\n<\/div>\n\n\n\n<div style=\"height:150px\" aria-hidden=\"true\" class=\"wp-block-spacer\"><\/div>\n","protected":false},"excerpt":{"rendered":"<p>Puro parques playgrounds Casinha Pet Dois m\u00f3dulos de 1m x 1m cada. Estrutura fabricada em madeira de eucalipto tratado em autoclave, oferecendo resist\u00eancia \u00e0 umidade, insetos e varia\u00e7\u00f5es clim\u00e1ticas, garantindo longa durabilidade mesmo em \u00e1reas externas. Dimens\u00f5es: 5,00 m (comprimento) x 2,50 m (largura)<\/p>\n","protected":false},"author":1,"featured_media":0,"parent":0,"menu_order":0,"comment_status":"closed","ping_status":"closed","template":"","meta":{"_kadence_starter_templates_imported_post":false,"_kad_post_transparent":"","_kad_post_title":"","_kad_post_layout":"","_kad_post_sidebar_id":"","_kad_post_content_style":"","_kad_post_vertical_padding":"","_kad_post_feature":"","_kad_post_feature_position":"","_kad_post_header":false,"_kad_post_footer":false,"footnotes":""},"class_list":["post-1307","page","type-page","status-publish","hentry"],"_links":{"self":[{"href":"https:\/\/puroparques.com.br\/index.php?rest_route=\/wp\/v2\/pages\/1307","targetHints":{"allow":["GET"]}}],"collection":[{"href":"https:\/\/puroparques.com.br\/index.php?rest_route=\/wp\/v2\/pages"}],"about":[{"href":"https:\/\/puroparques.com.br\/index.php?rest_route=\/wp\/v2\/types\/page"}],"author":[{"embeddable":true,"href":"https:\/\/puroparques.com.br\/index.php?rest_route=\/wp\/v2\/users\/1"}],"replies":[{"embeddable":true,"href":"https:\/\/puroparques.com.br\/index.php?rest_route=%2Fwp%2Fv2%2Fcomments&post=1307"}],"version-history":[{"count":2,"href":"https:\/\/puroparques.com.br\/index.php?rest_route=\/wp\/v2\/pages\/1307\/revisions"}],"predecessor-version":[{"id":1489,"href":"https:\/\/puroparques.com.br\/index.php?rest_route=\/wp\/v2\/pages\/1307\/revisions\/1489"}],"wp:attachment":[{"href":"https:\/\/puroparques.com.br\/index.php?rest_route=%2Fwp%2Fv2%2Fmedia&parent=1307"}],"curies":[{"name":"wp","href":"https:\/\/api.w.org\/{rel}","templated":true}]}}