{"id":1467,"date":"2025-07-08T20:38:51","date_gmt":"2025-07-08T20:38:51","guid":{"rendered":"https:\/\/puroparques.com.br\/?page_id=1467"},"modified":"2025-07-08T20:44:37","modified_gmt":"2025-07-08T20:44:37","slug":"gangorra-tripla-em-madeira","status":"publish","type":"page","link":"https:\/\/puroparques.com.br\/?page_id=1467","title":{"rendered":"Gangorra Tripla em Madeira"},"content":{"rendered":"<style>.wp-block-kadence-advancedheading.kt-adv-heading1467_9de454-b9, .wp-block-kadence-advancedheading.kt-adv-heading1467_9de454-b9[data-kb-block=\"kb-adv-heading1467_9de454-b9\"]{padding-top:var(--global-kb-spacing-md, 2rem);padding-bottom:var(--global-kb-spacing-lg, 3rem);text-align:center;font-size:var(--global-kb-font-size-md, 1.25rem);font-weight:500;font-style:normal;font-family:Fredoka;text-transform:uppercase;text-shadow:2px 2px 1px rgba(0, 0, 0, 0.2);}.wp-block-kadence-advancedheading.kt-adv-heading1467_9de454-b9 mark.kt-highlight, .wp-block-kadence-advancedheading.kt-adv-heading1467_9de454-b9[data-kb-block=\"kb-adv-heading1467_9de454-b9\"] mark.kt-highlight{font-style:normal;color:#f76a0c;-webkit-box-decoration-break:clone;box-decoration-break:clone;padding-top:0px;padding-right:0px;padding-bottom:0px;padding-left:0px;}@media all and (max-width: 1024px){.wp-block-kadence-advancedheading.kt-adv-heading1467_9de454-b9, .wp-block-kadence-advancedheading.kt-adv-heading1467_9de454-b9[data-kb-block=\"kb-adv-heading1467_9de454-b9\"]{text-shadow:2px 2px 1px rgba(0, 0, 0, 0.2);}}@media all and (max-width: 767px){.wp-block-kadence-advancedheading.kt-adv-heading1467_9de454-b9, .wp-block-kadence-advancedheading.kt-adv-heading1467_9de454-b9[data-kb-block=\"kb-adv-heading1467_9de454-b9\"]{text-shadow:2px 2px 1px rgba(0, 0, 0, 0.2);}}<\/style>\n<p class=\"kt-adv-heading1467_9de454-b9 wp-block-kadence-advancedheading has-theme-palette-1-color has-text-color\" data-kb-block=\"kb-adv-heading1467_9de454-b9\">puro parques playgrounds<\/p>\n\n\n\n<div class=\"wp-block-columns is-layout-flex wp-container-core-columns-is-layout-9d6595d7 wp-block-columns-is-layout-flex\">\n<div class=\"wp-block-column is-layout-flow wp-block-column-is-layout-flow\"><style>.wp-block-kadence-advancedgallery.kb-gallery-wrap-id-1467_383d7e-1e{margin-left:var(--global-kb-spacing-xl, 4rem);padding-left:0px;}.kb-gallery-id-1467_383d7e-1e .kadence-blocks-gallery-item .kb-gal-image-radius, .kb-gallery-id-1467_383d7e-1e .kb-slide-item .kb-gal-image-radius img{border-radius:0px 0px 0px 0px;;}.kb-gallery-wrap-id-1467_383d7e-1e.wp-block-kadence-advancedgallery{overflow:visible;}.kb-gallery-wrap-id-1467_383d7e-1e.wp-block-kadence-advancedgallery .kt-blocks-carousel{overflow:visible;}<\/style><div class=\"kb-gallery-wrap-id-1467_383d7e-1e alignnone wp-block-kadence-advancedgallery\"><div class=\"kb-gallery-ul kb-gallery-non-static kb-gallery-type-slider kb-gallery-id-1467_383d7e-1e kb-gallery-caption-style-bottom-hover kb-gallery-filter-none\" data-image-filter=\"none\" data-lightbox-caption=\"true\"><div class=\"kt-blocks-carousel kt-carousel-container-dotstyle-dark\"><div class=\"kt-blocks-carousel-init kb-blocks-slider kt-carousel-arrowstyle-none kt-carousel-dotstyle-dark kb-slider-group-arrow kb-slider-arrow-position-center\" data-slider-anim-speed=\"400\" data-slider-scroll=\"1\" data-slider-arrows=\"false\" data-slider-fade=\"true\" data-slider-dots=\"true\"data-slider-type=\"slider\"  data-slider-hover-pause=\"false\" data-slider-auto=\"\" data-slider-speed=\"7000\" data-show-pause-button=\"false\"><li class=\"kb-slide-item kb-gallery-slide-item\"><div class=\"kadence-blocks-gallery-item\"><div class=\"kadence-blocks-gallery-item-inner\"><figure class=\"kb-gallery-figure kadence-blocks-gallery-item-hide-caption\"><div class=\"kb-gal-image-radius\"><div class=\"kb-gallery-image-contain kadence-blocks-gallery-intrinsic kb-gallery-image-ratio-inherit kb-has-image-ratio-inherit\" ><img loading=\"lazy\" decoding=\"async\" src=\"https:\/\/puroparques.com.br\/wp-content\/uploads\/2025\/06\/WhatsApp-Image-2025-06-08-at-20.25.38-1024x768.jpeg\" width=\"1024\" height=\"768\" alt=\"\" data-full-image=\"https:\/\/puroparques.com.br\/wp-content\/uploads\/2025\/06\/WhatsApp-Image-2025-06-08-at-20.25.38.jpeg\" data-light-image=\"https:\/\/puroparques.com.br\/wp-content\/uploads\/2025\/06\/WhatsApp-Image-2025-06-08-at-20.25.38.jpeg\" data-id=\"600\" class=\"wp-image-600 skip-lazy\" srcset=\"https:\/\/puroparques.com.br\/wp-content\/uploads\/2025\/06\/WhatsApp-Image-2025-06-08-at-20.25.38-1024x768.jpeg 1024w, https:\/\/puroparques.com.br\/wp-content\/uploads\/2025\/06\/WhatsApp-Image-2025-06-08-at-20.25.38-300x225.jpeg 300w, https:\/\/puroparques.com.br\/wp-content\/uploads\/2025\/06\/WhatsApp-Image-2025-06-08-at-20.25.38-768x576.jpeg 768w, https:\/\/puroparques.com.br\/wp-content\/uploads\/2025\/06\/WhatsApp-Image-2025-06-08-at-20.25.38-1536x1152.jpeg 1536w, https:\/\/puroparques.com.br\/wp-content\/uploads\/2025\/06\/WhatsApp-Image-2025-06-08-at-20.25.38.jpeg 1600w\" sizes=\"auto, (max-width: 1024px) 100vw, 1024px\" \/><\/div><\/div><\/figure><\/div><\/div><\/li><\/div><\/div><\/div><\/div><\/div>\n\n\n\n<div class=\"wp-block-column is-layout-flow wp-block-column-is-layout-flow\"><style>.wp-block-kadence-advancedheading.kt-adv-heading1467_e1fb05-3c, .wp-block-kadence-advancedheading.kt-adv-heading1467_e1fb05-3c[data-kb-block=\"kb-adv-heading1467_e1fb05-3c\"]{font-weight:500;font-style:normal;font-family:Fredoka;}.wp-block-kadence-advancedheading.kt-adv-heading1467_e1fb05-3c mark.kt-highlight, .wp-block-kadence-advancedheading.kt-adv-heading1467_e1fb05-3c[data-kb-block=\"kb-adv-heading1467_e1fb05-3c\"] mark.kt-highlight{font-style:normal;color:#f76a0c;-webkit-box-decoration-break:clone;box-decoration-break:clone;padding-top:0px;padding-right:0px;padding-bottom:0px;padding-left:0px;}<\/style>\n<h2 class=\"kt-adv-heading1467_e1fb05-3c wp-block-kadence-advancedheading has-theme-palette-1-color has-text-color\" data-kb-block=\"kb-adv-heading1467_e1fb05-3c\">Gangorra Tripla em Madeira<\/h2>\n\n\n<style>.wp-block-kadence-advancedheading.kt-adv-heading1467_254950-cf, .wp-block-kadence-advancedheading.kt-adv-heading1467_254950-cf[data-kb-block=\"kb-adv-heading1467_254950-cf\"]{max-width:600px;font-weight:400;font-style:normal;font-family:Questrial;}.wp-block-kadence-advancedheading.kt-adv-heading1467_254950-cf mark.kt-highlight, .wp-block-kadence-advancedheading.kt-adv-heading1467_254950-cf[data-kb-block=\"kb-adv-heading1467_254950-cf\"] mark.kt-highlight{font-style:normal;color:#f76a0c;-webkit-box-decoration-break:clone;box-decoration-break:clone;padding-top:0px;padding-right:0px;padding-bottom:0px;padding-left:0px;}<\/style>\n<p class=\"kt-adv-heading1467_254950-cf wp-block-kadence-advancedheading\" data-kb-block=\"kb-adv-heading1467_254950-cf\">Gangorra tripla em tronco de eucalipto tratado em autoclave, oferecendo resist\u00eancia, durabilidade e visual r\u00fastico. Ideal para \u00e1reas externas, como parquinhos e espa\u00e7os de lazer.<br><br><strong>Dimens\u00f5es:<\/strong>\u00a0\u00a02,20m x 1,50m<\/p>\n<\/div>\n<\/div>\n\n\n\n<div style=\"height:100px\" aria-hidden=\"true\" class=\"wp-block-spacer\"><\/div>\n","protected":false},"excerpt":{"rendered":"<p>puro parques playgrounds Gangorra Tripla em Madeira Gangorra tripla em tronco de eucalipto tratado em autoclave, oferecendo resist\u00eancia, durabilidade e visual r\u00fastico. Ideal para \u00e1reas externas, como parquinhos e espa\u00e7os de lazer. Dimens\u00f5es:\u00a0\u00a02,20m x 1,50m<\/p>\n","protected":false},"author":1,"featured_media":0,"parent":0,"menu_order":0,"comment_status":"closed","ping_status":"closed","template":"","meta":{"_kadence_starter_templates_imported_post":false,"_kad_post_transparent":"","_kad_post_title":"","_kad_post_layout":"","_kad_post_sidebar_id":"","_kad_post_content_style":"","_kad_post_vertical_padding":"","_kad_post_feature":"","_kad_post_feature_position":"","_kad_post_header":false,"_kad_post_footer":false,"footnotes":""},"class_list":["post-1467","page","type-page","status-publish","hentry"],"_links":{"self":[{"href":"https:\/\/puroparques.com.br\/index.php?rest_route=\/wp\/v2\/pages\/1467","targetHints":{"allow":["GET"]}}],"collection":[{"href":"https:\/\/puroparques.com.br\/index.php?rest_route=\/wp\/v2\/pages"}],"about":[{"href":"https:\/\/puroparques.com.br\/index.php?rest_route=\/wp\/v2\/types\/page"}],"author":[{"embeddable":true,"href":"https:\/\/puroparques.com.br\/index.php?rest_route=\/wp\/v2\/users\/1"}],"replies":[{"embeddable":true,"href":"https:\/\/puroparques.com.br\/index.php?rest_route=%2Fwp%2Fv2%2Fcomments&post=1467"}],"version-history":[{"count":2,"href":"https:\/\/puroparques.com.br\/index.php?rest_route=\/wp\/v2\/pages\/1467\/revisions"}],"predecessor-version":[{"id":1475,"href":"https:\/\/puroparques.com.br\/index.php?rest_route=\/wp\/v2\/pages\/1467\/revisions\/1475"}],"wp:attachment":[{"href":"https:\/\/puroparques.com.br\/index.php?rest_route=%2Fwp%2Fv2%2Fmedia&parent=1467"}],"curies":[{"name":"wp","href":"https:\/\/api.w.org\/{rel}","templated":true}]}}