{"id":1690,"date":"2025-07-17T17:02:16","date_gmt":"2025-07-17T20:02:16","guid":{"rendered":"https:\/\/puroparques.com.br\/?page_id=1690"},"modified":"2025-07-17T17:03:01","modified_gmt":"2025-07-17T20:03:01","slug":"trave-de-futebol-society","status":"publish","type":"page","link":"https:\/\/puroparques.com.br\/?page_id=1690","title":{"rendered":"Trave de futebol Society"},"content":{"rendered":"<style>.wp-block-kadence-advancedheading.kt-adv-heading1690_d5d7b3-a6, .wp-block-kadence-advancedheading.kt-adv-heading1690_d5d7b3-a6[data-kb-block=\"kb-adv-heading1690_d5d7b3-a6\"]{display:block;text-align:center;font-size:var(--global-kb-font-size-sm, 0.9rem);line-height:1;font-style:normal;text-transform:uppercase;letter-spacing:2px;}.wp-block-kadence-advancedheading.kt-adv-heading1690_d5d7b3-a6 mark.kt-highlight, .wp-block-kadence-advancedheading.kt-adv-heading1690_d5d7b3-a6[data-kb-block=\"kb-adv-heading1690_d5d7b3-a6\"] mark.kt-highlight{font-style:normal;color:#f76a0c;-webkit-box-decoration-break:clone;box-decoration-break:clone;padding-top:0px;padding-right:0px;padding-bottom:0px;padding-left:0px;}<\/style>\n<span class=\"kt-adv-heading1690_d5d7b3-a6 wp-block-kadence-advancedheading has-theme-palette-1-color has-text-color\" data-kb-block=\"kb-adv-heading1690_d5d7b3-a6\">puro parques playgrounds<\/span>\n\n\n\n<div class=\"wp-block-columns is-layout-flex wp-container-core-columns-is-layout-9d6595d7 wp-block-columns-is-layout-flex\">\n<div class=\"wp-block-column is-layout-flow wp-block-column-is-layout-flow\"><style>.wp-block-kadence-advancedgallery.kb-gallery-wrap-id-1690_a48ad5-7d{margin-left:var(--global-kb-spacing-xl, 4rem);padding-left:0px;}.kb-gallery-id-1690_a48ad5-7d .kadence-blocks-gallery-item .kb-gal-image-radius, .kb-gallery-id-1690_a48ad5-7d .kb-slide-item .kb-gal-image-radius img{border-radius:0px 0px 0px 0px;;}.kb-gallery-wrap-id-1690_a48ad5-7d.wp-block-kadence-advancedgallery{overflow:visible;}.kb-gallery-wrap-id-1690_a48ad5-7d.wp-block-kadence-advancedgallery .kt-blocks-carousel{overflow:visible;}<\/style><div class=\"kb-gallery-wrap-id-1690_a48ad5-7d alignnone wp-block-kadence-advancedgallery\"><div class=\"kb-gallery-ul kb-gallery-non-static kb-gallery-type-slider kb-gallery-id-1690_a48ad5-7d kb-gallery-caption-style-bottom-hover kb-gallery-filter-none\" data-image-filter=\"none\" data-lightbox-caption=\"true\"><div class=\"kt-blocks-carousel kt-carousel-container-dotstyle-dark\"><div class=\"kt-blocks-carousel-init kb-blocks-slider kt-carousel-arrowstyle-none kt-carousel-dotstyle-dark kb-slider-group-arrow kb-slider-arrow-position-center\" data-slider-anim-speed=\"400\" data-slider-scroll=\"1\" data-slider-arrows=\"false\" data-slider-fade=\"true\" data-slider-dots=\"true\"data-slider-type=\"slider\"  data-slider-hover-pause=\"false\" data-slider-auto=\"\" data-slider-speed=\"7000\" data-show-pause-button=\"false\"><li class=\"kb-slide-item kb-gallery-slide-item\"><div class=\"kadence-blocks-gallery-item\"><div class=\"kadence-blocks-gallery-item-inner\"><figure class=\"kb-gallery-figure kadence-blocks-gallery-item-hide-caption\"><div class=\"kb-gal-image-radius\"><div class=\"kb-gallery-image-contain kadence-blocks-gallery-intrinsic kb-gallery-image-ratio-inherit kb-has-image-ratio-inherit\" ><img loading=\"lazy\" decoding=\"async\" src=\"https:\/\/puroparques.com.br\/wp-content\/uploads\/2025\/07\/Screenshot_4-2.jpg\" width=\"592\" height=\"395\" alt=\"\" data-full-image=\"https:\/\/puroparques.com.br\/wp-content\/uploads\/2025\/07\/Screenshot_4-2.jpg\" data-light-image=\"https:\/\/puroparques.com.br\/wp-content\/uploads\/2025\/07\/Screenshot_4-2.jpg\" data-id=\"1686\" class=\"wp-image-1686 skip-lazy\"\/><\/div><\/div><\/figure><\/div><\/div><\/li><\/div><\/div><\/div><\/div><\/div>\n\n\n\n<div class=\"wp-block-column is-layout-flow wp-block-column-is-layout-flow\"><style>.wp-block-kadence-advancedheading.kt-adv-heading1690_7a6c0b-69, .wp-block-kadence-advancedheading.kt-adv-heading1690_7a6c0b-69[data-kb-block=\"kb-adv-heading1690_7a6c0b-69\"]{font-weight:500;font-style:normal;font-family:Fredoka;}.wp-block-kadence-advancedheading.kt-adv-heading1690_7a6c0b-69 mark.kt-highlight, .wp-block-kadence-advancedheading.kt-adv-heading1690_7a6c0b-69[data-kb-block=\"kb-adv-heading1690_7a6c0b-69\"] mark.kt-highlight{font-style:normal;color:#f76a0c;-webkit-box-decoration-break:clone;box-decoration-break:clone;padding-top:0px;padding-right:0px;padding-bottom:0px;padding-left:0px;}<\/style>\n<h2 class=\"kt-adv-heading1690_7a6c0b-69 wp-block-kadence-advancedheading has-theme-palette-1-color has-text-color\" data-kb-block=\"kb-adv-heading1690_7a6c0b-69\">Trave de futebol Society<\/h2>\n\n\n<style>.wp-block-kadence-advancedheading.kt-adv-heading1690_3c519e-5d, .wp-block-kadence-advancedheading.kt-adv-heading1690_3c519e-5d[data-kb-block=\"kb-adv-heading1690_3c519e-5d\"]{max-width:600px;font-weight:400;font-style:normal;font-family:Questrial;}.wp-block-kadence-advancedheading.kt-adv-heading1690_3c519e-5d mark.kt-highlight, .wp-block-kadence-advancedheading.kt-adv-heading1690_3c519e-5d[data-kb-block=\"kb-adv-heading1690_3c519e-5d\"] mark.kt-highlight{font-style:normal;color:#f76a0c;-webkit-box-decoration-break:clone;box-decoration-break:clone;padding-top:0px;padding-right:0px;padding-bottom:0px;padding-left:0px;}<\/style>\n<p class=\"kt-adv-heading1690_3c519e-5d wp-block-kadence-advancedheading\" data-kb-block=\"kb-adv-heading1690_3c519e-5d\">Estrutura fabricada em a\u00e7o de alta resist\u00eancia, com pintura eletrost\u00e1tica que garante durabilidade, prote\u00e7\u00e3o contra corros\u00e3o e excelente acabamento visual.<br>Possui barras laterais e traseira para fixa\u00e7\u00e3o de rede, com cantos arredondados para maior seguran\u00e7a durante o uso.<br><br><strong>Dimens\u00f5es oficiais:<\/strong> 2m (altura) x 5m (largura) x 1m (profundidade)<\/p>\n<\/div>\n<\/div>\n\n\n\n<div style=\"height:100px\" aria-hidden=\"true\" class=\"wp-block-spacer\"><\/div>\n","protected":false},"excerpt":{"rendered":"<p>puro parques playgrounds Trave de futebol Society Estrutura fabricada em a\u00e7o de alta resist\u00eancia, com pintura eletrost\u00e1tica que garante durabilidade, prote\u00e7\u00e3o contra corros\u00e3o e excelente acabamento visual.Possui barras laterais e traseira para fixa\u00e7\u00e3o de rede, com cantos arredondados para maior seguran\u00e7a durante o uso. Dimens\u00f5es oficiais: 2m (altura) x 5m (largura) x 1m (profundidade)<\/p>\n","protected":false},"author":1,"featured_media":0,"parent":0,"menu_order":0,"comment_status":"closed","ping_status":"closed","template":"","meta":{"_kadence_starter_templates_imported_post":false,"_kad_post_transparent":"","_kad_post_title":"","_kad_post_layout":"","_kad_post_sidebar_id":"","_kad_post_content_style":"","_kad_post_vertical_padding":"","_kad_post_feature":"","_kad_post_feature_position":"","_kad_post_header":false,"_kad_post_footer":false,"footnotes":""},"class_list":["post-1690","page","type-page","status-publish","hentry"],"_links":{"self":[{"href":"https:\/\/puroparques.com.br\/index.php?rest_route=\/wp\/v2\/pages\/1690","targetHints":{"allow":["GET"]}}],"collection":[{"href":"https:\/\/puroparques.com.br\/index.php?rest_route=\/wp\/v2\/pages"}],"about":[{"href":"https:\/\/puroparques.com.br\/index.php?rest_route=\/wp\/v2\/types\/page"}],"author":[{"embeddable":true,"href":"https:\/\/puroparques.com.br\/index.php?rest_route=\/wp\/v2\/users\/1"}],"replies":[{"embeddable":true,"href":"https:\/\/puroparques.com.br\/index.php?rest_route=%2Fwp%2Fv2%2Fcomments&post=1690"}],"version-history":[{"count":2,"href":"https:\/\/puroparques.com.br\/index.php?rest_route=\/wp\/v2\/pages\/1690\/revisions"}],"predecessor-version":[{"id":1692,"href":"https:\/\/puroparques.com.br\/index.php?rest_route=\/wp\/v2\/pages\/1690\/revisions\/1692"}],"wp:attachment":[{"href":"https:\/\/puroparques.com.br\/index.php?rest_route=%2Fwp%2Fv2%2Fmedia&parent=1690"}],"curies":[{"name":"wp","href":"https:\/\/api.w.org\/{rel}","templated":true}]}}